{"id":326,"date":"2024-04-24T14:11:30","date_gmt":"2024-04-24T21:11:30","guid":{"rendered":"https:\/\/samhealth.org\/samhealthplans\/?page_id=326"},"modified":"2026-01-05T14:35:14","modified_gmt":"2026-01-05T22:35:14","slug":"determinaciones-de-cobertura-nacional","status":"publish","type":"page","link":"https:\/\/samhealthplans.org\/es\/plan-members\/medicare-advantage-members\/national-coverage-determinations\/","title":{"rendered":"Determinaci\u00f3n de la cobertura nacional"},"content":{"rendered":"<section id=\"block_8a706f46bf2da798713e387ecca44b9a\" class=\"shs-block block-section grid-container has-white-background-color\" >\n\t\t<div class=\"entry-content\">\n\n<h2 class=\"wp-block-heading\" id=\"h-what-is-a-national-coverage-determination-ncd\">\u00bfQu\u00e9 es una determinaci\u00f3n de cobertura nacional (NCD)?<\/h2>\n\n\n\n<p>Antes de decidir si Medicare debe cubrir un art\u00edculo en particular (como un aparato ortop\u00e9dico o un aud\u00edfono) o un servicio (como terapia o ex\u00e1menes de detecci\u00f3n), el gobierno federal lleva a cabo un proceso de revisi\u00f3n integral y, ocasionalmente, el Congreso puede aprobar una ley que exija la cobertura de un art\u00edculo o servicio en particular. Una vez que se autorizan las determinaciones o decisiones de cobertura, se modifica la cobertura de Medicare y las compa\u00f1\u00edas de seguros de Medicare y otros contratistas (incluidas las organizaciones Medicare Advantage) coordinan sus procesos para cumplir con estas nuevas obligaciones de cobertura. El nombre formal de estas decisiones que permiten, limitan o excluyen la cobertura de Medicare se conoce como determinaci\u00f3n de cobertura nacional (NCD). Las pautas de cobertura y las fechas de entrada en vigor las define Medicare u otra autoridad normativa.<br><br>Los cambios se enumeran a continuaci\u00f3n y se actualizan peri\u00f3dicamente. Para obtener m\u00e1s informaci\u00f3n, comun\u00edquese con el servicio de atenci\u00f3n al cliente en&nbsp;<a href=\"tel:541-768-7866\">541-768-7866<\/a>&nbsp;o sin costo&nbsp;<a href=\"tel:866-207-3182\">866-207-3182<\/a>&nbsp;(TTY&nbsp;<a href=\"tel:800-735-2900\">800-735-2900<\/a> o <a href=\"tel:711\">711<\/a>). El servicio de atenci\u00f3n al cliente est\u00e1 disponible en el siguiente horario:<\/p>\n\n\n\n<ul class=\"wp-block-list\">\n<li>De <strong>Del 1 de octubre al 31 de marzo: <\/strong> Todos los d\u00edas de la semana, 8 a m a 8 p m.<\/li>\n\n\n\n<li>De <strong>Del 1 de abril al 30 de septiembre:<\/strong>  De lunes a viernes, 8 a m a 8 p m.<\/li>\n<\/ul>\n\n\n\n<h3 class=\"wp-block-heading\"><strong>Cambios en la NCD de 2026<\/strong><\/h3>\n\n\n\n<ul class=\"wp-block-list\">\n<li><a href=\"https:\/\/www.cms.gov\/medicare-coverage-database\/view\/ncd.aspx?ncdid=382&amp;ncdver=1&amp;doctype=NCD&amp;timeframe=30&amp;sortBy=updated&amp;bc=21\" target=\"_blank\" rel=\"noreferrer noopener\">Denervaci\u00f3n renal (DRN) para la hipertensi\u00f3n no controlada (20.40)<\/a><\/li>\n\n\n\n<li><a href=\"https:\/\/www.cms.gov\/medicare-coverage-database\/view\/ncd.aspx?ncdid=383&amp;ncdver=1&amp;doctype=NCD&amp;timeframe=30&amp;sortBy=updated&amp;bc=21\" target=\"_blank\" rel=\"noreferrer noopener\">Modulaci\u00f3n de la contractilidad card\u00edaca (CCM) para la insuficiencia card\u00edaca (IC) (20.39)<\/a><\/li>\n<\/ul>\n\n\n\n<h3 class=\"wp-block-heading\"><strong>&nbsp;Cambios en la CNDT de 2025<\/strong><\/h3>\n\n\n\n<ul class=\"wp-block-list\">\n<li><a href=\"https:\/\/www.cms.gov\/medicare-coverage-database\/view\/ncacal-decision-memo.aspx?proposed=N&amp;ncaid=316\" target=\"_blank\" rel=\"noreferrer noopener\">Reparaci\u00f3n transcat\u00e9ter de borde a borde para la insuficiencia de la v\u00e1lvula tric\u00faspide (T-TEER) (20.38)<\/a><\/li>\n\n\n\n<li><a href=\"https:\/\/www.cms.gov\/medicare-coverage-database\/view\/ncd.aspx?ncdid=378&amp;ncdver=1&amp;doctype=NCD&amp;timeframe=30&amp;sortBy=updated&amp;bc=21\" target=\"_blank\" rel=\"noreferrer noopener\">Sensores implantables de presi\u00f3n arterial pulmonar para el tratamiento de la insuficiencia card\u00edaca (20.36)<\/a><\/li>\n<\/ul>\n\n\n\n<h3 class=\"wp-block-heading\" id=\"h-2024-ncd-changes\"><strong>Cambios en la NCD de 2024&nbsp;<\/strong><\/h3>\n\n\n\n<ul class=\"wp-block-list\">\n<li><a href=\"https:\/\/www.cms.gov\/medicare-coverage-database\/view\/ncd.aspx?ncdid=377&amp;ncdver=1&amp;doctype=NCD&amp;timeframe=30&amp;sortBy=updated&amp;bc=21\" target=\"_blank\" rel=\"noreferrer noopener\">Profilaxis previa a la exposici\u00f3n (PrEP) para la prevenci\u00f3n del virus de la inmunodeficiencia humana (VIH)<\/a>&nbsp;(210.15)<\/li>\n<\/ul>\n\n\n\n<h3 class=\"wp-block-heading\" id=\"h-2023-ncd-changes\"><strong>Cambios en la ENT de 2023&nbsp;<\/strong><\/h3>\n\n\n\n<ul class=\"wp-block-list\">\n<li><a href=\"https:\/\/www.cms.gov\/medicare-coverage-database\/view\/ncd.aspx?ncdid=376&amp;ncdver=1&amp;doctype=NCD&amp;timeframe=7&amp;sortBy=updated&amp;bc=20\" target=\"_blank\" rel=\"noreferrer noopener\"><strong>Equipo de elevaci\u00f3n de asiento (accionado el\u00e9ctricamente) en sillas de ruedas el\u00e9ctricas<\/strong><\/a>&nbsp;<strong>(280.16)<\/strong><\/li>\n\n\n\n<li><a href=\"https:\/\/www.cms.gov\/medicare-coverage-database\/view\/ncd.aspx?ncdid=281&amp;ncdver=7&amp;doctype=NCD&amp;timeframe=30&amp;sortBy=updated&amp;bc=20\" target=\"_blank\" rel=\"noreferrer noopener\">Pruebas de detecci\u00f3n del c\u00e1ncer colorrectal<\/a>&nbsp;(210.3)&nbsp;<\/li>\n<\/ul>\n\n\n\n<h3 class=\"wp-block-heading\" id=\"h-2022-ncd-changes-nbsp\"><strong>Cambios en la CNTD de 2022&nbsp;<\/strong><\/h3>\n\n\n\n<ul class=\"wp-block-list\">\n<li><a href=\"https:\/\/www.cms.gov\/medicare-coverage-database\/view\/ncd.aspx?ncdid=375&amp;ncdver=1&amp;doctype=NCD&amp;timeframe=30&amp;sortBy=updated&amp;bc=20\" target=\"_blank\" rel=\"noreferrer noopener\"><strong>Anticuerpos monoclonales dirigidos contra amiloide para el tratamiento de la enfermedad de Alzheimer <\/strong><\/a><\/li>\n<\/ul>\n\n\n\n<h3 class=\"wp-block-heading\" id=\"h-2021-ncd-changes-nbsp\"><strong>Cambios en la ENT de 2021<\/strong>&nbsp;<\/h3>\n\n\n\n<p>Para obtener m\u00e1s detalles, consulte los enlaces a continuaci\u00f3n en el sitio web de CMS.<\/p>\n\n\n\n<ul class=\"wp-block-list\">\n<li><a href=\"https:\/\/www.cms.gov\/medicare-coverage-database\/details\/ncd-details.aspx?ncdid=373&amp;ncdver=1&amp;doctype=NCD&amp;timeframe=30&amp;sortBy=updated&amp;bc=AAAACAAAAAA\" target=\"_blank\" rel=\"noreferrer noopener\">Acupuntura para el dolor lumbar cr\u00f3nico<\/a>&nbsp;(cLBP) (30.3.3) \u2013 Actualizado el 24\/5\/2021<\/li>\n\n\n\n<li><a href=\"https:\/\/www.cms.gov\/medicare-coverage-database\/details\/ncd-details.aspx?NCDId=70&amp;ncdver=3&amp;TimeFrame=30&amp;DocType=NCD&amp;bc=AEAACAAAAAAA&amp;\" target=\"_blank\" rel=\"noreferrer noopener\">Trasplante de h\u00edgado en adultos<\/a>&nbsp;(260.1) \u2013 Actualizado el 21\/01\/2021<\/li>\n\n\n\n<li><a href=\"https:\/\/www.cms.gov\/medicare-coverage-database\/details\/ncd-details.aspx?ncdid=246&amp;ncdver=6&amp;doctype=NCD&amp;timeframe=30&amp;sortBy=updated&amp;bc=AAAACAAAAAAA\" target=\"_blank\" rel=\"noreferrer noopener\">Corazones artificiales y dispositivos relacionados&nbsp;<\/a>&nbsp;(20.9) \u2013 Actualizado el 7\/6\/2021<\/li>\n\n\n\n<li><a href=\"https:\/\/www.cms.gov\/medicare-coverage-database\/details\/ncd-details.aspx?ncdid=374&amp;ncdver=1&amp;doctype=NCD&amp;timeframe=30&amp;sortBy=updated&amp;bc=AAAACAAAAAAA\" target=\"_blank\" rel=\"noreferrer noopener\">Terapia de c\u00e9lulas T con receptor de ant\u00edgeno quim\u00e9rico (CAR)<\/a>&nbsp;(110.24) \u2013 Actualizado el 24\/05\/2021&nbsp;<\/li>\n\n\n\n<li><a href=\"https:\/\/www.cms.gov\/medicare-coverage-database\/details\/ncd-details.aspx?ncdid=281&amp;ncdver=6&amp;doctype=NCD&amp;timeframe=30&amp;sortBy=updated&amp;bc=AAAACAAAAAAA\" target=\"_blank\" rel=\"noreferrer noopener\">Pruebas de detecci\u00f3n del c\u00e1ncer colorrectal<\/a>&nbsp;(210.3) \u2013 Actualizado el 24\/05\/2021&nbsp;<\/li>\n\n\n\n<li><a href=\"https:\/\/www.cms.gov\/medicare-coverage-database\/details\/ncd-details.aspx?NCDId=198&amp;ncdver=1&amp;TimeFrame=7&amp;DocType=NCD&amp;bc=AAAACAAAAAAA&amp;\" target=\"_blank\" rel=\"noreferrer noopener\">Estudios citogen\u00e9ticos<\/a>&nbsp;(190.3) \u2013 Actualizado el 20\/01\/2021<\/li>\n\n\n\n<li><a href=\"https:\/\/www.cms.gov\/medicare-coverage-database\/details\/ncd-details.aspx?ncdid=123&amp;ncdver=1&amp;doctype=NCD&amp;timeframe=30&amp;sortBy=updated&amp;bc=AAAACAAAAAAA\" target=\"_blank\" rel=\"noreferrer noopener\">Criocirug\u00eda de pr\u00f3stata<\/a>&nbsp;(230.9) \u2013 Actualizado el 24\/05\/2021<\/li>\n\n\n\n<li><a href=\"https:\/\/www.cms.gov\/medicare-coverage-database\/details\/ncd-details.aspx?NCDId=322&amp;ncdver=1&amp;TimeFrame=7&amp;DocType=All&amp;bc=AAAACAAAAAAA&amp;\" target=\"_blank\" rel=\"noreferrer noopener\">Agentes estimulantes de la eritropoyesis (AEE) en el c\u00e1ncer y enfermedades neopl\u00e1sicas relacionadas<\/a>&nbsp;(110.21) \u2013 Actualizado el 20\/01\/2021<\/li>\n\n\n\n<li><a href=\"https:\/\/www.cms.gov\/medicare-coverage-database\/details\/ncd-details.aspx?ncdid=97&amp;ncdver=2&amp;doctype=NCD&amp;timeframe=30&amp;sortBy=updated&amp;bc=AAAACAAAAAAA\" target=\"_blank\" rel=\"noreferrer noopener\">Terapia de contrapulsaci\u00f3n externa (ECP) para la angina grave<\/a>&nbsp;(20.20) \u2013 Actualizado el 7\/6\/2021<\/li>\n\n\n\n<li><a href=\"https:\/\/www.cms.gov\/medicare-coverage-database\/details\/ncd-details.aspx?NCDId=115&amp;ncdver=1&amp;TimeFrame=7&amp;DocType=All&amp;bc=AAAACAAAAAAA&amp;\" target=\"_blank\" rel=\"noreferrer noopener\">Inmunoadsorci\u00f3n extracorp\u00f3rea (ECI) con columnas de prote\u00edna A<\/a>&nbsp;(20.5) \u2013 Actualizado el 20\/01\/2021<\/li>\n\n\n\n<li><a href=\"https:\/\/www.cms.gov\/medicare-coverage-database\/details\/ncd-details.aspx?NCDId=156&amp;ncdver=1&amp;TimeFrame=7&amp;DocType=All&amp;bc=AAAACAAAAAAA&amp;\" target=\"_blank\" rel=\"noreferrer noopener\">Terapia con hierro intravenoso<\/a>&nbsp;(110.10) \u2013 Actualizado el 20\/01\/2021<\/li>\n\n\n\n<li><a href=\"https:\/\/www.cms.gov\/medicare-coverage-database\/details\/ncd-details.aspx?ncdid=364&amp;ncdver=1&amp;doctype=NCD&amp;timeframe=30&amp;sortBy=updated&amp;bc=AAAACAAAAAAA\" target=\"_blank\" rel=\"noreferrer noopener\">Detecci\u00f3n del c\u00e1ncer de pulm\u00f3n mediante tomograf\u00eda computarizada de baja dosis<\/a>&nbsp;(LDCT) (210.14) \u2013 Actualizado el 7\/6\/2021<\/li>\n\n\n\n<li><a href=\"https:\/\/www.cms.gov\/medicare-coverage-database\/details\/ncd-details.aspx?NCDId=186&amp;ncdver=1&amp;TimeFrame=7&amp;DocType=NCD&amp;bc=AAAACAAAAAAA&amp;\" target=\"_blank\" rel=\"noreferrer noopener\">Mamograf\u00edas<\/a>&nbsp;(220.4) \u2013 Actualizado el 20\/01\/2021<\/li>\n\n\n\n<li><a href=\"https:\/\/www.cms.gov\/medicare-coverage-database\/details\/ncd-details.aspx?NCDId=252&amp;ncdver=1&amp;TimeFrame=7&amp;DocType=NCD&amp;bc=AAAACAAAAAAA&amp;\" target=\"_blank\" rel=\"noreferrer noopener\">Terapia de nutrici\u00f3n m\u00e9dica<\/a>&nbsp;(180.1) \u2013 Actualizado el 20\/01\/2021<\/li>\n\n\n\n<li><a href=\"https:\/\/www.cms.gov\/medicare-coverage-database\/details\/ncd-details.aspx?ncdid=372&amp;ncdver=2&amp;doctype=NCD&amp;timeframe=30&amp;sortBy=updated&amp;bc=AAAACAAAAAAA\" target=\"_blank\" rel=\"noreferrer noopener\">Secuenciaci\u00f3n de pr\u00f3xima generaci\u00f3n<\/a>&nbsp;(NGS) (90.2) \u2013 Actualizado el 7\/6\/2021<\/li>\n\n\n\n<li><a href=\"https:\/\/www.cms.gov\/medicare-coverage-database\/details\/ncd-details.aspx?NCDId=272&amp;ncdver=1&amp;TimeFrame=7&amp;DocType=NCD&amp;bc=AAAACAAAAAAA&amp;\" target=\"_blank\" rel=\"noreferrer noopener\">Biopsia mamaria percut\u00e1nea guiada por im\u00e1genes<\/a>&nbsp;(220.13) \u2013 Actualizado el 20\/01\/2021<\/li>\n\n\n\n<li><a href=\"https:\/\/www.cms.gov\/medicare-coverage-database\/details\/ncd-details.aspx?NCDId=331&amp;ncdver=4&amp;TimeFrame=7&amp;DocType=NCD&amp;bc=AAAACAAAAAAA&amp;\" target=\"_blank\" rel=\"noreferrer noopener\">Tomograf\u00eda por emisi\u00f3n de positrones (FDG) para enfermedades oncol\u00f3gicas<\/a>&nbsp;(220.6.17) \u2013 Actualizado el 20\/01\/2021<\/li>\n\n\n\n<li><a href=\"https:\/\/www.cms.gov\/medicare-coverage-database\/details\/ncd-details.aspx?ncdid=336&amp;ncdver=1&amp;doctype=NCD&amp;timeframe=30&amp;sortBy=updated&amp;bc=AAAACAAAAAAA\" target=\"_blank\" rel=\"noreferrer noopener\">Tomograf\u00eda por emisi\u00f3n de positrones (NaF-18) para identificar met\u00e1stasis \u00f3seas del c\u00e1ncer<\/a>&nbsp;(220.6.19) \u2013 Actualizado el 7\/6\/2021<\/li>\n\n\n\n<li><a href=\"https:\/\/www.cms.gov\/medicare-coverage-database\/details\/ncd-details.aspx?NCDId=369&amp;ncdver=1&amp;TimeFrame=7&amp;DocType=NCD&amp;bc=AAAACAAAAAAA&amp;\" target=\"_blank\" rel=\"noreferrer noopener\">Detecci\u00f3n de la infecci\u00f3n por el virus de la hepatitis B (VHB)<\/a>&nbsp;(210.6) \u2013 Actualizado el 20\/01\/2021<\/li>\n\n\n\n<li><a href=\"https:\/\/www.cms.gov\/medicare-coverage-database\/details\/ncd-details.aspx?ncdid=366&amp;ncdver=1&amp;doctype=NCD&amp;timeframe=30&amp;sortBy=updated&amp;bc=AAAACAAAAAAA\" target=\"_blank\" rel=\"noreferrer noopener\">Trasplante de c\u00e9lulas madre<\/a>&nbsp;(Anteriormente 110.8.1)(110.23) \u2013 Actualizado el 7\/6\/2021<\/li>\n\n\n\n<li><a href=\"https:\/\/www.cms.gov\/medicare-coverage-database\/details\/ncd-details.aspx?ncdid=363&amp;ncdver=1&amp;doctype=NCD&amp;timeframe=30&amp;sortBy=updated&amp;bc=AAAACAAAAAAA\" target=\"_blank\" rel=\"noreferrer noopener\">Reparaci\u00f3n de la v\u00e1lvula mitral mediante transcat\u00e9ter<\/a>&nbsp;(TMVR) (20.33) \u2013 Actualizado el 7\/6\/2021<\/li>\n\n\n\n<li><a href=\"https:\/\/www.cms.gov\/medicare-coverage-database\/details\/ncd-details.aspx?NCDId=230&amp;ncdver=3&amp;TimeFrame=7&amp;DocType=NCD&amp;bc=AAAACAAAAAAA&amp;\" target=\"_blank\" rel=\"noreferrer noopener\">Estimulaci\u00f3n del nervio vago<\/a>&nbsp;(VNS) (160.18) \u2013 Actualizado el 20\/01\/2021<\/li>\n<\/ul>\n\n\n\n<h3 class=\"wp-block-heading\"><strong>Cambios en la ENT en 2020<\/strong><\/h3>\n\n\n\n<ul class=\"wp-block-list\">\n<li><a href=\"https:\/\/www.cms.gov\/medicare-coverage-database\/details\/ncd-details.aspx?NCDId=373&amp;ncdver=1&amp;TimeFrame=60&amp;DocType=NCD&amp;bc=AAAAEAAAAAAA&amp;\" target=\"_blank\" rel=\"noreferrer noopener\">Acupuntura para el dolor lumbar cr\u00f3nico<\/a>&nbsp;(cLBP) (30.3.3) \u2013 Actualizado el 21\/01\/2020<br>Consulte los detalles en el sitio web de CMS.&nbsp;<strong>Qu\u00e9 hay de nuevo<\/strong>:El prop\u00f3sito de esta solicitud de cambio es informar a los MAC que CMS cubrir\u00e1 la acupuntura para el dolor lumbar cr\u00f3nico (cLBP) a partir de los reclamos con fechas de servicio a partir del 21 de enero de 2020.<\/li>\n\n\n\n<li><a href=\"https:\/\/www.cms.gov\/medicare-coverage-database\/details\/ncd-details.aspx?NCDId=11&amp;ncdver=2&amp;TimeFrame=60&amp;DocType=NCD&amp;bc=AAAAEAAAAAAA&amp;\" target=\"_blank\" rel=\"noreferrer noopener\">Acupuntura<\/a>&nbsp;(30.3) \u2013 Actualizado el 21\/01\/2020<\/li>\n\n\n\n<li><a href=\"https:\/\/www.cms.gov\/medicare-coverage-database\/details\/ncd-details.aspx?NCDId=283&amp;ncdver=2&amp;TimeFrame=30&amp;DocType=NCD&amp;bc=AAAAEAAAAAAA&amp;\" target=\"_blank\" rel=\"noreferrer noopener\">Acupuntura para la fibromialgia<\/a>&nbsp;(30.3.1) \u2013 Actualizado el 21\/01\/2020<\/li>\n\n\n\n<li><a href=\"https:\/\/www.cms.gov\/medicare-coverage-database\/details\/ncd-details.aspx?NCDId=284&amp;ncdver=2&amp;TimeFrame=30&amp;DocType=NCD&amp;bc=AAAAEAAAAAAA&amp;\" target=\"_blank\" rel=\"noreferrer noopener\">Acupuntura para la osteoartritis<\/a>&nbsp;(30.3.2) \u2013 Actualizado el 21\/01\/2020<\/li>\n<\/ul>\n\n<\/div>\n\t<\/section>\n\n\n\n<section id=\"block_42dee93a011fe5d1c3b1f2fc60757de0\" class=\"shs-block block-alert grid-container has-white-background-color\">\n\n\t<div class=\"acf-innerblocks-container\">\n\n<p class=\"has-text-align-center\">P\u00e1gina actualizada el 16\/06\/2025<\/p>\n\n<\/div>\n\n<\/section>","protected":false},"excerpt":{"rendered":"<p>Consulte las actualizaciones de Determinaci\u00f3n de Cobertura Nacional con respecto a los cambios en la cobertura de servicios, equipos, suministros o tratamientos de Medicare seg\u00fan lo determine el gobierno federal.<\/p>","protected":false},"author":11,"featured_media":0,"parent":152,"menu_order":9,"comment_status":"closed","ping_status":"closed","template":"","meta":{"_acf_changed":false,"_searchwp_excluded":"","_shs_workflow_notes":"","_shs_exclude_from_navigation":true,"_shs_promote_article_on_blogs":"","footnotes":""},"class_list":["post-326","page","type-page","status-publish","hentry"],"acf":[],"_links":{"self":[{"href":"https:\/\/samhealthplans.org\/es\/wp-json\/wp\/v2\/pages\/326","targetHints":{"allow":["GET"]}}],"collection":[{"href":"https:\/\/samhealthplans.org\/es\/wp-json\/wp\/v2\/pages"}],"about":[{"href":"https:\/\/samhealthplans.org\/es\/wp-json\/wp\/v2\/types\/page"}],"author":[{"embeddable":true,"href":"https:\/\/samhealthplans.org\/es\/wp-json\/wp\/v2\/users\/11"}],"replies":[{"embeddable":true,"href":"https:\/\/samhealthplans.org\/es\/wp-json\/wp\/v2\/comments?post=326"}],"version-history":[{"count":0,"href":"https:\/\/samhealthplans.org\/es\/wp-json\/wp\/v2\/pages\/326\/revisions"}],"up":[{"embeddable":true,"href":"https:\/\/samhealthplans.org\/es\/wp-json\/wp\/v2\/pages\/152"}],"wp:attachment":[{"href":"https:\/\/samhealthplans.org\/es\/wp-json\/wp\/v2\/media?parent=326"}],"curies":[{"name":"Gracias","href":"https:\/\/api.w.org\/{rel}","templated":true}]}}