{"id":362,"date":"2023-06-08T15:29:16","date_gmt":"2023-06-08T22:29:16","guid":{"rendered":"https:\/\/samhealth.org\/samhealthplans\/?page_id=362"},"modified":"2026-03-13T13:21:29","modified_gmt":"2026-03-13T20:21:29","slug":"actualizaciones-sobre-el-coronavirus-para-miembros","status":"publish","type":"page","link":"https:\/\/samhealthplans.org\/es\/plan-members\/coronavirus-updates-for-members\/","title":{"rendered":"Actualizaciones sobre el coronavirus para miembros"},"content":{"rendered":"<section id=\"block_fdd568cdf9017b2ff0aa3a6ef2b9d118\" class=\"shs-block block-section grid-container has-white-background-color\" >\n\t\t<div class=\"entry-content\">\n\n<h1 class=\"wp-block-heading\" id=\"h-coronavirus-updates\">Actualizaciones sobre el coronavirus<\/h1>\n\n<\/div>\n\t<\/section>\n\n\n\n<section id=\"block_fdd568cdf9017b2ff0aa3a6ef2b9d118\" class=\"shs-block block-section grid-container has-white-background-color\" >\n\t\t<div class=\"entry-content\">\n\n<h2 class=\"wp-block-heading\">La emergencia de salud p\u00fablica por COVID-19 finaliz\u00f3 el 11 de mayo de 2023<\/h2>\n\n\n\n<p>Debido al fin oficial de la pandemia, la cobertura de su plan de vacunas, pruebas, kits de prueba de venta libre y servicios de telesalud puede haber cambiado. Consulte su plan para obtener m\u00e1s detalles.<\/p>\n\n\n\n<div id=\"block_4de724052f8a495af513969edd9c64c6\" class=\"shs-block accordion\">\n\t<h3 class=\"accordion-title\">\n\t\t<button\n\t\t\ttype=\"button\"\n\t\t\tid=\"accordion_title_69e0b958c10059.24844610\"\n\t\t\tclass=\"accordion-control\" aria-expanded=\"false\"\n\t\t\taria-controls=\"accordion_panel_69e0b958c100b4.70548394\">Miembros de Samaritan Advantage <span class=\"iconfont-chevron-right\"><\/span><\/button>\n\t<\/h3>\n\t<section\n\t\tid=\"accordion_panel_69e0b958c100b4.70548394\"\n\t\tclass=\"accordion-panel\"\n\t\taria-labelledby=\"accordion_title_69e0b958c10059.24844610\" style=\"height:0\">\n\t\t<div class=\"entry-content\">\n\n<p>Los siguientes servicios relacionados con el COVID-19 est\u00e1n disponibles para los miembros del Plan Samaritan Advantage:<\/p>\n\n\n\n<ul class=\"wp-block-list\">\n<li>Las vacunas son gratuitas y no tienen ning\u00fan costo compartido para nuestros miembros.<\/li>\n\n\n\n<li>Las pruebas de diagn\u00f3stico de COVID-19 son gratuitas y sin costo compartido para nuestros miembros.<\/li>\n\n\n\n<li>Las pruebas de venta libre se pueden comprar a trav\u00e9s de su beneficio OTC.<\/li>\n\n\n\n<li>Los servicios de telesalud continuar\u00e1n sin costo hasta el 31 de diciembre de 2024.&nbsp;<\/li>\n<\/ul>\n\n<\/div>\n\t<\/section>\n<\/div>\n\n\n\n<div id=\"block_cd97c5a5b593bf6989f79999f14f08b4\" class=\"shs-block accordion\">\n\t<h3 class=\"accordion-title\">\n\t\t<button\n\t\t\ttype=\"button\"\n\t\t\tid=\"accordion_title_69e0b958c11e73.04224509\"\n\t\t\tclass=\"accordion-control\" aria-expanded=\"false\"\n\t\t\taria-controls=\"accordion_panel_69e0b958c11e84.93036788\">InterCommunity Health Network CCO <span class=\"iconfont-chevron-right\"><\/span><\/button>\n\t<\/h3>\n\t<section\n\t\tid=\"accordion_panel_69e0b958c11e84.93036788\"\n\t\tclass=\"accordion-panel\"\n\t\taria-labelledby=\"accordion_title_69e0b958c11e73.04224509\" style=\"height:0\">\n\t\t<div class=\"entry-content\">\n\n<p>Sus beneficios de IHN-CCO no cambiaron cuando finaliz\u00f3 la emergencia de salud p\u00fablica el 11 de mayo de 2023. Sin embargo, el estado ha comenzado a verificar si los miembros actuales del Oregon Health Plan a\u00fan califican para el OHP u otros beneficios estatales. Este proceso a veces se denomina \u201credeterminaci\u00f3n\u201d.<\/p>\n\n\n\n<p>Entre ahora y principios de 2024, el estado revisar\u00e1 su caso para ver si sigue siendo elegible para el OHP. Para obtener m\u00e1s detalles sobre el proceso de redeterminaci\u00f3n u otros beneficios estatales que pueden cambiar cuando finalice la emergencia de salud p\u00fablica, visite el sitio web&nbsp;<a href=\"https:\/\/www.oregon.gov\/oha\/phe\/pages\/index.aspx?utm_source=OHA&amp;utm_medium=egov_redirect&amp;utm_campaign=https%3A%2F%2Fwww.oregon.gov%2Fcovidphe\" target=\"_blank\" rel=\"noreferrer noopener\">Fin de la emergencia de salud p\u00fablica de la OHA&nbsp;<\/a>p\u00e1gina.<\/p>\n\n\n\n<p><strong>Los kits de autoprueba de COVID-19 a\u00fan est\u00e1n disponibles para los miembros<\/strong><\/p>\n\n\n\n<p>Los kits de autoprueba de COVID-19 (tambi\u00e9n conocidos como pruebas caseras o pruebas de venta libre) est\u00e1n disponibles en las farmacias locales.<\/p>\n\n<\/div>\n\t<\/section>\n<\/div>\n\n\n\n<div id=\"block_555ab47e4d1609b86b4aa2c55464e7d6\" class=\"shs-block accordion\">\n\t<h3 class=\"accordion-title\">\n\t\t<button\n\t\t\ttype=\"button\"\n\t\t\tid=\"accordion_title_69e0b958c140a2.38887434\"\n\t\t\tclass=\"accordion-control\" aria-expanded=\"false\"\n\t\t\taria-controls=\"accordion_panel_69e0b958c140b7.22831125\">Grupo de empleadores <span class=\"iconfont-chevron-right\"><\/span><\/button>\n\t<\/h3>\n\t<section\n\t\tid=\"accordion_panel_69e0b958c140b7.22831125\"\n\t\tclass=\"accordion-panel\"\n\t\taria-labelledby=\"accordion_title_69e0b958c140a2.38887434\" style=\"height:0\">\n\t\t<div class=\"entry-content\">\n\n<p>Las disposiciones de cobertura de Samaritan Health Plans implementadas en respuesta a la pandemia de COVID-19 han finalizado.&nbsp;<\/p>\n\n\n\n<p>Las pruebas de COVID-19 que se realizan en el hogar y que se venden sin receta ya no son gratuitas. Si desea comprar una prueba para realizar en el hogar, deber\u00e1 pagar el costo total.&nbsp;<\/p>\n\n\n\n<p>Otras pruebas de COVID-19, realizadas por un laboratorio o solicitadas por su proveedor, ya no son gratuitas. Se aplicar\u00e1n costos compartidos y se aplicar\u00e1n a los acuerdos de costos compartidos de su plan.&nbsp;<\/p>\n\n\n\n<p>Los siguientes servicios relacionados con el COVID-19 seguir\u00e1n siendo gratuitos (sin coste para usted):<\/p>\n\n\n\n<ul class=\"wp-block-list\">\n<li>Vacunas para COVID-19.<\/li>\n\n\n\n<li>Servicios de telesalud.<\/li>\n<\/ul>\n\n<\/div>\n\t<\/section>\n<\/div>\n\n<\/div>\n\t<\/section>\n\n\n\n<section id=\"block_fdd568cdf9017b2ff0aa3a6ef2b9d118\" class=\"shs-block block-section grid-container has-white-background-color\" >\n\t\t<div class=\"entry-content\">\n\n<h2 class=\"wp-block-heading\">Miembros de Samaritan Health Plans: esto es lo que necesitan saber<\/h2>\n\n\n\n<p><a href=\"https:\/\/samhealthplans.org\/es\/vacuna-contra-la-covid-19-que-esperar-y-recursos-para-el-paciente\/?type=pdf\" target=\"_blank\" rel=\"noreferrer noopener\">SHP: Qu\u00e9 esperar despu\u00e9s de la vacuna contra el COVID-19<\/a><\/p>\n\n\n\n<p><a href=\"https:\/\/samhealthplans.org\/es\/preguntas-frecuentes-sobre-la-vacuna-contra-la-covid-19-recursos-para-pacientes\/?type=pdf\" target=\"_blank\" rel=\"noreferrer noopener\">SHP: Preguntas frecuentes sobre la vacuna contra el COVID-19<\/a><\/p>\n\n<\/div>\n\t<\/section>","protected":false},"excerpt":{"rendered":"<p>Obtenga la \u00faltima actualizaci\u00f3n para miembros relacionada con el coronavirus.<\/p>","protected":false},"author":17,"featured_media":0,"parent":10,"menu_order":20,"comment_status":"closed","ping_status":"closed","template":"","meta":{"_acf_changed":false,"_searchwp_excluded":"","_shs_workflow_notes":"","_shs_exclude_from_navigation":true,"_shs_promote_article_on_blogs":"","footnotes":""},"class_list":["post-362","page","type-page","status-publish","hentry"],"acf":[],"_links":{"self":[{"href":"https:\/\/samhealthplans.org\/es\/wp-json\/wp\/v2\/pages\/362","targetHints":{"allow":["GET"]}}],"collection":[{"href":"https:\/\/samhealthplans.org\/es\/wp-json\/wp\/v2\/pages"}],"about":[{"href":"https:\/\/samhealthplans.org\/es\/wp-json\/wp\/v2\/types\/page"}],"author":[{"embeddable":true,"href":"https:\/\/samhealthplans.org\/es\/wp-json\/wp\/v2\/users\/17"}],"replies":[{"embeddable":true,"href":"https:\/\/samhealthplans.org\/es\/wp-json\/wp\/v2\/comments?post=362"}],"version-history":[{"count":2,"href":"https:\/\/samhealthplans.org\/es\/wp-json\/wp\/v2\/pages\/362\/revisions"}],"predecessor-version":[{"id":13508,"href":"https:\/\/samhealthplans.org\/es\/wp-json\/wp\/v2\/pages\/362\/revisions\/13508"}],"up":[{"embeddable":true,"href":"https:\/\/samhealthplans.org\/es\/wp-json\/wp\/v2\/pages\/10"}],"wp:attachment":[{"href":"https:\/\/samhealthplans.org\/es\/wp-json\/wp\/v2\/media?parent=362"}],"curies":[{"name":"Gracias","href":"https:\/\/api.w.org\/{rel}","templated":true}]}}