{"id":387,"date":"2023-06-09T18:41:01","date_gmt":"2023-06-10T01:41:01","guid":{"rendered":"https:\/\/samhealth.org\/samhealthplans\/?page_id=387"},"modified":"2024-08-13T15:16:58","modified_gmt":"2024-08-13T22:16:58","slug":"inscripcion-en-la-era-eft","status":"publish","type":"page","link":"https:\/\/samhealthplans.org\/es\/providers\/billing\/eft-era-enrollment\/","title":{"rendered":"Inscripci\u00f3n a EFT\/ERA"},"content":{"rendered":"<section id=\"block_cc7bf14d369a260f96e117a101832617\" class=\"shs-block block-section grid-container has-white-background-color\" >\n\t\t<div class=\"entry-content\">\n\n<h1 class=\"wp-block-heading\" id=\"h-enroll-in-free-era-or-eft\">Inscr\u00edbase en ERA o EFT gratis<\/h1>\n\n<\/div>\n\t<\/section>\n\n\n\n<section id=\"block_4011187edfbf1b7bdf0b6fd8aaa90388\" class=\"shs-block block-section grid-container has-blue-light-background-color\" >\n\t\t<div class=\"entry-content\">\n\n<h2 class=\"wp-block-heading\">Reg\u00edstrese para recibir ERA o EFT gratis a trav\u00e9s de InstaMed<\/h2>\n\n\n\n<p>Samaritan Health Plans (SHP) ha contratado a InstaMed para ofrecer una experiencia de pago simplificada con asesoramiento gratuito sobre remesas electr\u00f3nicas y transferencia electr\u00f3nica de fondos (ERA\/EFT). Reg\u00edstrese ahora para comenzar a recibir pagos electr\u00f3nicos.<\/p>\n\n<\/div>\n\t<\/section>\n\n\n\n<section id=\"block_cc7bf14d369a260f96e117a101832617\" class=\"shs-block block-section grid-container has-white-background-color\" >\n\t\t<div class=\"entry-content\">\n\n<h2 class=\"wp-block-heading\">\u00bfPor qu\u00e9 elegir ERA\/EFT?&nbsp;<\/h2>\n\n\n\n<p>ERA\/EFT es una forma conveniente, segura y sin papeleo de recibir pagos de reclamos. Los fondos se depositan directamente en su cuenta bancaria designada e incluyen el N\u00famero de rastreo de reasociaci\u00f3n (TRN), de acuerdo con las Reglas operativas de la Fase III de CAQH CORE para transacciones est\u00e1ndar de HIPAA. Los beneficios adicionales incluyen:<\/p>\n\n\n\n<ul class=\"wp-block-list\">\n<li>Acceso acelerado a fondos depositados directamente en su cuenta bancaria existente.<\/li>\n\n\n\n<li><strong>SHP procesar\u00e1 los pagos a proveedores a trav\u00e9s de InstaMed para todas las l\u00edneas de negocio: Samaritan Advantage Health Plan, Plan Samaritan Choice, planes Samaritan Employer Group e InterCommunity Health Network (IHN-CCO).<\/strong><\/li>\n\n\n\n<li>Reducci\u00f3n de costos administrativos al eliminar cheques y remesas en papel.<\/li>\n\n\n\n<li>Sin interrupciones en su flujo de trabajo actual: los ERA tambi\u00e9n se pueden enviar a su centro de intercambio de informaci\u00f3n existente.<\/li>\n<\/ul>\n\n\n\n<h2 class=\"wp-block-heading\">\u00bfC\u00f3mo me registro?<\/h2>\n\n\n\n<p>Elija una de estas opciones para registrarse de forma gratuita para recibir ERA\/EFT de InstaMed:<\/p>\n\n\n\n<ol class=\"wp-block-list\">\n<li><strong>En l\u00ednea:<\/strong>&nbsp;Visita:&nbsp;<a href=\"https:\/\/register.instamed.com\/eraeft\" target=\"_blank\" rel=\"noreferrer noopener\">instamed.com\/ERAEFT<\/a>.<\/li>\n\n\n\n<li><strong>Tel\u00e9fono:<\/strong>&nbsp;Llama a InstaMed al&nbsp;<a href=\"tel:866-945-7990\">866-945-7990<\/a>&nbsp;hablar con un agente.<\/li>\n<\/ol>\n\n\n\n<p>Por favor, p\u00f3ngase en contacto con InstaMed en&nbsp;<a href=\"tel:866-945-7990\">866-945-7990<\/a>&nbsp;o&nbsp;<a href=\"mailto:connect@instamed.com?subject=Register%20for%20ERA\/EFT%20through%20InstaMed\">connect@instamed.com&nbsp;<\/a>con cualquier pregunta sobre esta soluci\u00f3n gratuita.<\/p>\n\n<\/div>\n\t<\/section>","protected":false},"excerpt":{"rendered":"<p>Los proveedores pueden utilizar este proceso para inscribirse en la Transferencia Electr\u00f3nica de Fondos (EFT) y\/o el Aviso de Remesa Electr\u00f3nica (ERA) para reclamos m\u00e9dicos.<\/p>","protected":false},"author":20,"featured_media":0,"parent":390,"menu_order":2,"comment_status":"closed","ping_status":"closed","template":"","meta":{"_acf_changed":true,"_searchwp_excluded":"","_shs_workflow_notes":"","_shs_exclude_from_navigation":true,"_shs_promote_article_on_blogs":"","footnotes":""},"class_list":["post-387","page","type-page","status-publish","hentry"],"acf":[],"_links":{"self":[{"href":"https:\/\/samhealthplans.org\/es\/wp-json\/wp\/v2\/pages\/387","targetHints":{"allow":["GET"]}}],"collection":[{"href":"https:\/\/samhealthplans.org\/es\/wp-json\/wp\/v2\/pages"}],"about":[{"href":"https:\/\/samhealthplans.org\/es\/wp-json\/wp\/v2\/types\/page"}],"author":[{"embeddable":true,"href":"https:\/\/samhealthplans.org\/es\/wp-json\/wp\/v2\/users\/20"}],"replies":[{"embeddable":true,"href":"https:\/\/samhealthplans.org\/es\/wp-json\/wp\/v2\/comments?post=387"}],"version-history":[{"count":0,"href":"https:\/\/samhealthplans.org\/es\/wp-json\/wp\/v2\/pages\/387\/revisions"}],"up":[{"embeddable":true,"href":"https:\/\/samhealthplans.org\/es\/wp-json\/wp\/v2\/pages\/390"}],"wp:attachment":[{"href":"https:\/\/samhealthplans.org\/es\/wp-json\/wp\/v2\/media?parent=387"}],"curies":[{"name":"Gracias","href":"https:\/\/api.w.org\/{rel}","templated":true}]}}