{"id":390,"date":"2023-06-09T22:23:49","date_gmt":"2023-06-10T05:23:49","guid":{"rendered":"https:\/\/samhealth.org\/samhealthplans\/?page_id=390"},"modified":"2026-02-18T08:04:41","modified_gmt":"2026-02-18T16:04:41","slug":"facturacion","status":"publish","type":"page","link":"https:\/\/samhealthplans.org\/es\/providers\/billing\/","title":{"rendered":"Facturaci\u00f3n"},"content":{"rendered":"<aside id=\"block_bdc95501fd72fdfa301d6e97dde3dc61\" class=\"shs-block block-section grid-container has-blue-midnight-background-color\" style=\"background-image: url(https:\/\/samhealthplans.org\/wp-content\/uploads\/sites\/3\/2023\/06\/Computer-and-Stethoscope-BA.jpg); background-position:50% 50%;\">\n\t\t<div class=\"entry-content\">\n\n<h1 class=\"wp-block-heading\" id=\"h-billing-amp-claims-submission\">Presentaci\u00f3n de facturas y reclamaciones<\/h1>\n\n<\/div>\n\t<div class=\"has-overlay\"><\/div><\/aside>\n\n\n\n<section id=\"block_ef5c1c31bfbe291556bcaaa01082421c\" class=\"shs-block block-section grid-container has-gray-warm-background-color has-circle-image has-medium-circle-image\" >\n\t\t\t<figure class=\"image\"\n\t\t\t\t\t\t>\n\t\t\t<img loading=\"lazy\" decoding=\"async\" width=\"425\" height=\"425\" src=\"https:\/\/samhealthplans.org\/wp-content\/uploads\/sites\/3\/2023\/06\/Insurance-keyboard-BGC-425x425.jpg\" class=\"attachment-square-md size-square-md\" alt=\"Teclado con bot\u00f3n de seguro\" srcset=\"https:\/\/samhealthplans.org\/wp-content\/uploads\/sites\/3\/2023\/06\/Insurance-keyboard-BGC-425x425.jpg 425w, https:\/\/samhealthplans.org\/wp-content\/uploads\/sites\/3\/2023\/06\/Insurance-keyboard-BGC-300x300.jpg 300w, https:\/\/samhealthplans.org\/wp-content\/uploads\/sites\/3\/2023\/06\/Insurance-keyboard-BGC-150x150.jpg 150w, https:\/\/samhealthplans.org\/wp-content\/uploads\/sites\/3\/2023\/06\/Insurance-keyboard-BGC-100x100.jpg 100w, https:\/\/samhealthplans.org\/wp-content\/uploads\/sites\/3\/2023\/06\/Insurance-keyboard-BGC.jpg 684w\" sizes=\"auto, (max-width: 425px) 100vw, 425px\" \/>\t\t<\/figure>\n\t\t<div class=\"entry-content\">\n\n<h2 class=\"wp-block-heading\">Aproveche su portal de proveedores para verificar reclamos y elegibilidad<\/h2>\n\n\n\n<p>Nuestros representantes de atenci\u00f3n al cliente pueden verificar la elegibilidad y cotizar los beneficios; sin embargo, encontrar\u00e1 que nuestro portal Provider Connect le ahorrar\u00e1 tiempo y ser\u00e1 m\u00e1s conveniente. El portal tambi\u00e9n le permite ver el estado de su reclamo, enviar solicitudes de autorizaci\u00f3n previa y verificar el estado de la autorizaci\u00f3n previa.<\/p>\n\n\n\n<div class=\"wp-block-buttons is-layout-flex wp-block-buttons-is-layout-flex\">\n<div class=\"wp-block-button\"><a class=\"wp-block-button__link wp-element-button\" href=\"https:\/\/www.onehealthport.com\/sso\" target=\"_blank\" rel=\"noreferrer noopener\">Iniciar sesi\u00f3n ahora<\/a><\/div>\n\n\n\n<div class=\"wp-block-button\"><a class=\"wp-block-button__link wp-element-button\" href=\"https:\/\/samhealthplans.org\/es\/tutorial-de-conexion-de-proveedores\/?type=pdf\" target=\"_blank\" rel=\"noreferrer noopener\">Tutorial del portal<\/a><\/div>\n<\/div>\n\n<\/div>\n\t<\/section>\n\n\n\n<aside id=\"block_a2813ceb20380353984c5c882af1502d\" class=\"shs-block block-slim-section grid-container has-brown-background-color\">\n\n\t<div class=\"entry-content\">\n\n<h4 class=\"wp-block-heading has-text-align-center\" id=\"h-sign-up-for-eft-to-receive-payment-faster-and-have-remittance-advice-mailed-to-you\">Reg\u00edstrese en EFT para recibir pagos m\u00e1s r\u00e1pido y recibir avisos de remesa por correo.<\/h4>\n\n\n\n<div class=\"wp-block-button is-style-fill\"><a class=\"wp-block-button__link wp-element-button\" href=\"https:\/\/samhealthplans.org\/es\/proveedores\/facturacion\/inscripcion-en-la-era-eft\/\">Aprende c\u00f3mo<\/a><\/div>\n\n<\/div>\n\n\t<\/aside>\n\n\n\n<section id=\"block_ab225eb8e753c12e357148d8ecbdfa30\" class=\"shs-block block-section grid-container has-white-background-color\" >\n\t\t<div class=\"entry-content\">\n\n<h2 class=\"wp-block-heading\">Presentar reclamos electr\u00f3nicamente o por correo<\/h2>\n\n\n\n<p>Incluso para las reclamaciones facturadas bajo las redes First Choice Health o First Health, env\u00ede las reclamaciones&nbsp;<strong>directamente a Samaritan Health Plans&nbsp;<\/strong>para garantizar el pago r\u00e1pido.&nbsp;<\/p>\n\n\n\n<div id=\"block_41cf476af89a7213c825d7e6d64ce7e9\" class=\"shs-block accordion\">\n\t<h3 class=\"accordion-title\">\n\t\t<button\n\t\t\ttype=\"button\"\n\t\t\tid=\"accordion_title_69e2ba0d738386.68734009\"\n\t\t\tclass=\"accordion-control\" aria-expanded=\"false\"\n\t\t\taria-controls=\"accordion_panel_69e2ba0d7383f8.75652039\">Presentar archivo electr\u00f3nico <span class=\"iconfont-chevron-right\"><\/span><\/button>\n\t<\/h3>\n\t<section\n\t\tid=\"accordion_panel_69e2ba0d7383f8.75652039\"\n\t\tclass=\"accordion-panel\"\n\t\taria-labelledby=\"accordion_title_69e2ba0d738386.68734009\" style=\"height:0\">\n\t\t<div class=\"entry-content\">\n\n<h4 class=\"wp-block-heading\">Utilice el formato adecuado para las reclamaciones corregidas electr\u00f3nicamente<\/h4>\n\n\n\n<p>Una reclamaci\u00f3n corregida es cualquier reclamaci\u00f3n que tenga un cambio en una reclamaci\u00f3n procesada previamente (por ejemplo, cambios o correcciones en cargos, c\u00f3digos de procedimientos o diagn\u00f3sticos, fechas de servicio, l\u00edneas agregadas, etc.). Las correcciones de reclamaciones enviadas electr\u00f3nicamente deben enviarse en el siguiente formato:<\/p>\n\n\n\n<p>1. En el Loop 2300, el segmento CLM (informaci\u00f3n de reclamo), CLM05-3 (c\u00f3digo de tipo de frecuencia de reclamo) debe indicar \u201c7\u201d \u2013 REEMPLAZO (reemplazo de reclamo anterior).<\/p>\n\n\n\n<p>2. En el circuito 2300, el segmento REF*F8 debe seguir al segmento CLM (informaci\u00f3n de la reclamaci\u00f3n) y debe incluir el n\u00famero de reclamaci\u00f3n anterior emitido por Samaritan Health Plans o IHN-CCO para la reclamaci\u00f3n que se est\u00e1 corrigiendo. Los n\u00fameros de reclamaci\u00f3n de Samaritan Health Plans e IHN-CCO constan de 11 a 12 caracteres num\u00e9ricos y se pueden encontrar en el aviso de remesa electr\u00f3nico (EDI 835), en el aviso de remesa en papel o en el portal Provider Connect.<\/p>\n\n\n\n<p>3. Cualquier l\u00ednea de reclamo original que se elimine y no se vuelva a enviar en el reclamo de reemplazo se eliminar\u00e1 autom\u00e1ticamente durante el reprocesamiento y el monto pagado previamente se recuperar\u00e1 autom\u00e1ticamente del pr\u00f3ximo pago emitido.<\/p>\n\n\n\n<h4 class=\"wp-block-heading\">Reciba el pago m\u00e1s r\u00e1pidamente<\/h4>\n\n\n\n<p>Samaritan Health Plans lo alienta a presentar sus reclamos electr\u00f3nicamente como una forma de reducir los gastos administrativos, recibir pagos m\u00e1s r\u00e1pidamente, reducir el uso de papel y acelerar la correcci\u00f3n de errores de facturaci\u00f3n. Ofrecemos cuatro opciones para la presentaci\u00f3n electr\u00f3nica de reclamos, tambi\u00e9n conocida como EDI:<\/p>\n\n\n\n<p><strong>Change Healthcare Relay Exchange<\/strong> (anteriormente CHC1)<br><a href=\"http:\/\/changehealthcare.com\" target=\"_blank\" rel=\"noreferrer noopener\">changehealthcare.com<\/a><br><strong><a href=\"tel:800-527-8133\">800-527-8133<\/a><\/strong>, opci\u00f3n 2<br>Identificaci\u00f3n del pagador: 2122 (profesional) y 5952 (institucional)<\/p>\n\n\n\n<p><strong>Office Ally<\/strong><br><a href=\"http:\/\/www.officeally.com\/\" target=\"_blank\" rel=\"noreferrer noopener\">oficinaally.com<\/a><br><a href=\"tel:360-975-7000\"><strong>360-975-7000<\/strong><\/a>, opci\u00f3n 1 \u2014 Servicio al cliente&nbsp;<br>ID de pagador: SAMHP (todos los planes)<\/p>\n\n\n\n<p><strong>Trizetto Provider Solutions<\/strong><br><a href=\"https:\/\/www.trizettoprovider.com\/\" target=\"_blank\" rel=\"noreferrer noopener\">trizettoprovider.com<\/a><br><a href=\"mailto:PhysicianSupport@cognizant.com\" target=\"_blank\" rel=\"noreferrer noopener\">PhysicianSupport@cognizant.com<\/a><br><a href=\"tel:800-969-3666\"><strong>800-969-3666<\/strong><\/a>&nbsp;\u2014 Servicio al cliente<br>Identificaciones de pagador: SAMAD (Samaritan Advantage), SAMCP (Samaritan Choice), INCHN (InterCommunity Health Network CCO), SAM00 (Samaritan Employer Group)<\/p>\n\n<\/div>\n\t<\/section>\n<\/div>\n\n\n\n<div id=\"block_a614064a2ad2097d9dd742069ec40aa0\" class=\"shs-block accordion\">\n\t<h3 class=\"accordion-title\">\n\t\t<button\n\t\t\ttype=\"button\"\n\t\t\tid=\"accordion_title_69e2ba0d73edc7.11583716\"\n\t\t\tclass=\"accordion-control\" aria-expanded=\"false\"\n\t\t\taria-controls=\"accordion_panel_69e2ba0d73ee20.42037264\">Archivo por correo <span class=\"iconfont-chevron-right\"><\/span><\/button>\n\t<\/h3>\n\t<section\n\t\tid=\"accordion_panel_69e2ba0d73ee20.42037264\"\n\t\tclass=\"accordion-panel\"\n\t\taria-labelledby=\"accordion_title_69e2ba0d73edc7.11583716\" style=\"height:0\">\n\t\t<div class=\"entry-content\">\n\n<h4 class=\"wp-block-heading\">Aceptamos reclamaciones en papel<\/h4>\n\n\n\n<p>Env\u00ede reclamos en papel por correo a estas direcciones:<\/p>\n\n\n\n<p><strong>InterCommunity Health Network CCO<br><\/strong>PO Box 887<br>Corvallis, OR 97339<\/p>\n\n\n\n<p><strong>Planes Samaritan Choice<br><\/strong>PO Box 336<br>Corvallis, OR 97339<\/p>\n\n\n\n<p><strong>PPO del grupo de empleadores samaritanos<\/strong>&nbsp;<strong>Planes<br><\/strong>PO Box 887<br>Corvallis, OR 97339<\/p>\n\n\n\n<p><strong>Samaritan Advantage Health Plans<\/strong><br>PO Box 1510<br>Corvallis, OR 97339<\/p>\n\n\n\n<h4 class=\"wp-block-heading\">Consejos para procesar reclamos en papel<\/h4>\n\n\n\n<p>Para las reclamaciones que deben presentarse en papel, hay algunas cosas sencillas que los proveedores pueden hacer para acelerar el procesamiento y el pago:<\/p>\n\n\n\n<ul class=\"wp-block-list\">\n<li>Utilice \u00fanicamente formularios est\u00e1ndar CMS 1500 (HCFA) y 1450 (UB) en color rojo y blanco.<\/li>\n\n\n\n<li>Env\u00ede \u00fanicamente formularios de reclamo escritos a m\u00e1quina o impresos.<\/li>\n\n\n\n<li>Imprima con fuente oscura (es decir, no imprima reclamos cuando el t\u00f3ner o la tinta est\u00e9n bajos).<\/li>\n\n\n\n<li>Alinee correctamente el texto en los cuadros de formulario y no permita que el texto se superponga a las l\u00edneas.&nbsp;&nbsp;<\/li>\n\n\n\n<li>Todas las reclamaciones y anexos deben imprimirse por una sola cara. No imprima a doble cara, ni siquiera en los documentos de explicaci\u00f3n de objeto (EOB) primarios o anexos.<\/li>\n\n\n\n<li>Env\u00ede \u00fanicamente archivos adjuntos de p\u00e1gina completa.<\/li>\n\n\n\n<li>No grape los reclamos ni los anexos juntos.<\/li>\n\n\n\n<li>Marque las reclamaciones de varias p\u00e1ginas con un n\u00famero de p\u00e1gina (es decir, p\u00e1gina 2 de 3) o con una \u201ccontinuaci\u00f3n\u201d.<\/li>\n\n\n\n<li>Aseg\u00farese de que cada reclamo secundario tenga el EOB principal enviado junto con \u00e9l.<\/li>\n\n\n\n<li>No escriba ni selle sobre el cuerpo del formulario de reclamo.<\/li>\n<\/ul>\n\n\n\n<h4 class=\"wp-block-heading\">Requisitos de los formularios CMS 1450 y 1500<\/h4>\n\n\n\n<p>\u00bfNecesita ayuda para completar el formulario 1450 o 1500 de CMS? Utilice las siguientes gu\u00edas para averiguar para qu\u00e9 sirve cada campo y cu\u00e1les son siempre obligatorios.<\/p>\n\n\n\n<ul class=\"wp-block-list\">\n<li><a href=\"https:\/\/samhealthplans.org\/es\/instrucciones-del-cms-1450\/?type=pdf\" target=\"_blank\" rel=\"noreferrer noopener\">Gu\u00eda de formularios CMS 1450 (English)<\/a><\/li>\n\n\n\n<li><a href=\"https:\/\/samhealthplans.org\/es\/requisitos-del-cms1500\/?type=pdf\" target=\"_blank\" rel=\"noreferrer noopener\">Gu\u00eda de formularios CMS 1500 (English)<\/a><\/li>\n<\/ul>\n\n<\/div>\n\t<\/section>\n<\/div>\n\n\n\n<div id=\"block_2a6b543c80b02f67cb9e027ba81999fc\" class=\"shs-block accordion\">\n\t<h3 class=\"accordion-title\">\n\t\t<button\n\t\t\ttype=\"button\"\n\t\t\tid=\"accordion_title_69e2ba0d742637.59760000\"\n\t\t\tclass=\"accordion-control\" aria-expanded=\"false\"\n\t\t\taria-controls=\"accordion_panel_69e2ba0d742689.98028128\">Disputa por reclamaciones en virtud de la Ley Sin Sorpresas <span class=\"iconfont-chevron-right\"><\/span><\/button>\n\t<\/h3>\n\t<section\n\t\tid=\"accordion_panel_69e2ba0d742689.98028128\"\n\t\tclass=\"accordion-panel\"\n\t\taria-labelledby=\"accordion_title_69e2ba0d742637.59760000\" style=\"height:0\">\n\t\t<div class=\"entry-content\">\n\n<p>La Ley Sin Sorpresas de 2020, tambi\u00e9n conocida como NSA, cre\u00f3 una legislaci\u00f3n para proteger a los pacientes de la facturaci\u00f3n de saldos sorpresa por art\u00edculos y servicios definidos fuera de la red, como:&nbsp;<\/p>\n\n\n\n<ul class=\"wp-block-list\">\n<li>Servicios de emergencia en hospitales fuera de la red y centros de emergencia independientes.<\/li>\n\n\n\n<li>Profesionales de atenci\u00f3n m\u00e9dica fuera de la red en instalaciones dentro de la red.<\/li>\n\n\n\n<li>Transportistas de ambulancias a\u00e9reas fuera de la red.<\/li>\n<\/ul>\n\n\n\n<p>Se aplica a los planes de grupos grandes de empleadores y a los planes Samaritan Choice (autoasegurados), y entra en vigencia para los a\u00f1os de plan o p\u00f3liza que comiencen a partir del 1 de enero de 2022. Las protecciones de la ley no se aplican si el miembro elige recibir art\u00edculos y servicios de un proveedor de atenci\u00f3n m\u00e9dica fuera de la red (con algunas excepciones).<\/p>\n\n\n\n<p>Utilice el&nbsp;<a href=\"https:\/\/samhealthplans.org\/es\/formulario-de-aviso-de-negociacion-abierta\/?type=pdf\" target=\"_blank\" rel=\"noreferrer noopener\">Formulario de aviso de negociaci\u00f3n abierta (English)<\/a>&nbsp;para iniciar el per\u00edodo de negociaci\u00f3n abierta de 30 d\u00edas de la Ley Sin Sorpresas enviando un correo electr\u00f3nico a&nbsp;<a href=\"mailto:SHPprovider@samhealth.org?subject=No%20Surprise%20Act%20-%20Attention%20Contracting%20Dept.\">SHPprovider@samhealth.org<\/a>, Atenci\u00f3n: Departamento de Contrataciones.&nbsp;<\/p>\n\n\n\n<p>Debes completar y devolver el&nbsp;<a href=\"https:\/\/samhealthplans.org\/es\/formulario-de-aviso-de-negociacion-abierta\/?type=pdf\" target=\"_blank\" rel=\"noreferrer noopener\">Formulario de aviso de negociaci\u00f3n abierta (English)<\/a>&nbsp;dentro de los 30 d\u00edas h\u00e1biles siguientes a la fecha de recepci\u00f3n del pago inicial.&nbsp;<\/p>\n\n\n\n<p>Visita&nbsp;<a href=\"https:\/\/www.cms.gov\/newsroom\/fact-sheets\/no-surprises-understand-your-rights-against-surprise-medical-bills#:~:text=The%20No%20Surprises%20Act%20protects,network%20air%20ambulance%20service%20providers%20%20%E2%80%9D\" target=\"_blank\" rel=\"noreferrer noopener\">cms.gov<\/a>&nbsp;para obtener informaci\u00f3n adicional sobre la Ley No Sorpresas.<\/p>\n\n<\/div>\n\t<\/section>\n<\/div>\n\n<\/div>\n\t<\/section>\n\n\n<section id=\"block_e0ead62d553cef188ad7b0e8d5b283fb\" class=\"shs-block callouts is-arches grid-container has-blue-light-background-color\" >\n\n\n\t<ul class=\"callouts-list\">\n\t\n\t\t<li class=\"callout is-arches\">\n\n\t\t\t\t\t\t\t<a href=\"https:\/\/samhealthplans.org\/es\/proveedores\/facturacion\/inscripcion-en-la-era-eft\/\" class=\"callout-link\" target=\"_self\">\n\t\t\t\n\t\t\t\t\t\t\t<figure class=\"image\">\n\t\t\t\t\t<img decoding=\"async\" src=\"https:\/\/samhealthplans.org\/wp-content\/uploads\/sites\/3\/2023\/06\/Health-insurance-stethoscope.jpg\" alt=\"Papel de seguro m\u00e9dico con estetoscopio y bol\u00edgrafo encima\" width=\"360\" height=\"300\" loading=\"lazy\">\n\t\t\t\t<\/figure>\n\t\t\t\t<div class=\"callout-arch-overlay\">\n\t\t\t\t\t\t\t\t\t\t\t<h3 class=\"callout-title\">Reciba el pago m\u00e1s r\u00e1pido<\/h3>\n\t\t\t\t\t\t\t\t\t\t<p class=\"callout-link-text\">Inscr\u00edbase ahora en EFT\/ERA<\/p>\n\t\t\t\t<\/div>\n\t\t\t\n\t\t\t\n\t\t\t\n\t\t\t\n\t\t\t\n\n\t\t\t\t\t\t<\/a>\n\t\t\t\n\t\t<\/li>\n\t\t\t<\/ul>\n\t\n<\/section>\n\n\n\n<section id=\"block_6c4737b847f88dcad35590e97f84418c\" class=\"shs-block block-section grid-container has-blue-primary-background-color\" >\n\t\t<div class=\"entry-content\">\n\n<h2 class=\"wp-block-heading\">El servicio de atenci\u00f3n al cliente puede ayudar<\/h2>\n\n\n\n<p>Nuestro equipo de atenci\u00f3n al cliente puede:<\/p>\n\n\n\n<ul class=\"wp-block-list\">\n<li>Remitirle a recursos adicionales.<\/li>\n\n\n\n<li>Brindar soporte t\u00e9cnico para nuestro portal de proveedores, Provider Connect.<\/li>\n\n\n\n<li>Aceptar quejas y preocupaciones.<\/li>\n\n\n\n<li>Conectarlo con recursos de reclamaciones.<\/li>\n<\/ul>\n\n\n\n<p>Horario: de lunes a viernes, de 8 a m a 8 p m (hora del Pac\u00edfico)<br>En Corvallis, llame:&nbsp;<a href=\"tel:541-768-5207\">541-768-5207<\/a>&nbsp;<br>N\u00famero gratuito:&nbsp;<a href=\"tel:1-888-435-2396\">1-888-435-2396<\/a>&nbsp;<\/p>\n\n\n\n<div class=\"wp-block-button\"><a class=\"wp-block-button__link wp-element-button\" href=\"https:\/\/samhealthplans.org\/es\/comuniquese-con-los-planes-de-salud-de-samaritan\/\">Env\u00edenos un correo electr\u00f3nico<\/a><\/div>\n\n<\/div>\n\t<\/section>","protected":false},"excerpt":{"rendered":"<p>Los proveedores pueden descubrir c\u00f3mo presentar reclamos, revisar las pautas de reembolso, verificar la codificaci\u00f3n, evaluar la elegibilidad de los miembros, ver los beneficios de los miembros y m\u00e1s.<\/p>","protected":false},"author":20,"featured_media":0,"parent":13,"menu_order":5,"comment_status":"closed","ping_status":"closed","template":"","meta":{"_acf_changed":false,"_searchwp_excluded":"","_shs_workflow_notes":"","_shs_exclude_from_navigation":true,"_shs_promote_article_on_blogs":"","footnotes":""},"class_list":["post-390","page","type-page","status-publish","hentry"],"acf":[],"_links":{"self":[{"href":"https:\/\/samhealthplans.org\/es\/wp-json\/wp\/v2\/pages\/390","targetHints":{"allow":["GET"]}}],"collection":[{"href":"https:\/\/samhealthplans.org\/es\/wp-json\/wp\/v2\/pages"}],"about":[{"href":"https:\/\/samhealthplans.org\/es\/wp-json\/wp\/v2\/types\/page"}],"author":[{"embeddable":true,"href":"https:\/\/samhealthplans.org\/es\/wp-json\/wp\/v2\/users\/20"}],"replies":[{"embeddable":true,"href":"https:\/\/samhealthplans.org\/es\/wp-json\/wp\/v2\/comments?post=390"}],"version-history":[{"count":2,"href":"https:\/\/samhealthplans.org\/es\/wp-json\/wp\/v2\/pages\/390\/revisions"}],"predecessor-version":[{"id":13389,"href":"https:\/\/samhealthplans.org\/es\/wp-json\/wp\/v2\/pages\/390\/revisions\/13389"}],"up":[{"embeddable":true,"href":"https:\/\/samhealthplans.org\/es\/wp-json\/wp\/v2\/pages\/13"}],"wp:attachment":[{"href":"https:\/\/samhealthplans.org\/es\/wp-json\/wp\/v2\/media?parent=390"}],"curies":[{"name":"Gracias","href":"https:\/\/api.w.org\/{rel}","templated":true}]}}