{"id":425,"date":"2023-06-09T23:13:20","date_gmt":"2023-06-10T06:13:20","guid":{"rendered":"https:\/\/samhealth.org\/samhealthplans\/?page_id=425"},"modified":"2026-03-11T14:47:28","modified_gmt":"2026-03-11T21:47:28","slug":"beneficios-para-grupos-grandes","status":"publish","type":"page","link":"https:\/\/samhealthplans.org\/es\/plan-members\/employer-group-members\/large-group-benefits\/","title":{"rendered":"Planes para grupos grandes"},"content":{"rendered":"<section id=\"block_3615494c2e95c7f4f3385a53729061bf\" class=\"shs-block block-section grid-container has-white-background-color\" >\n\t\t<div class=\"entry-content\">\n\n<h1 class=\"wp-block-heading\" id=\"h-large-group-plans\">Planes para grupos grandes<\/h1>\n\n<\/div>\n\t<\/section>\n\n\n\n<section id=\"block_11dad241bd69e5e45486a3fb272638da\" class=\"shs-block block-section grid-container has-white-background-color has-circle-image\" >\n\t\t\t<figure class=\"image\"\n\t\t\t\t\t\t>\n\t\t\t<img loading=\"lazy\" decoding=\"async\" width=\"684\" height=\"684\" src=\"https:\/\/samhealthplans.org\/wp-content\/uploads\/sites\/3\/2023\/06\/312B-Tri-County-Graphic-684x684-DES-156191-1020.jpg\" class=\"attachment-square-lg size-square-lg\" alt=\"Mapa del estado con los condados Benton, Lincoln y Linn resaltados\" srcset=\"https:\/\/samhealthplans.org\/wp-content\/uploads\/sites\/3\/2023\/06\/312B-Tri-County-Graphic-684x684-DES-156191-1020.jpg 684w, https:\/\/samhealthplans.org\/wp-content\/uploads\/sites\/3\/2023\/06\/312B-Tri-County-Graphic-684x684-DES-156191-1020-300x300.jpg 300w, https:\/\/samhealthplans.org\/wp-content\/uploads\/sites\/3\/2023\/06\/312B-Tri-County-Graphic-684x684-DES-156191-1020-150x150.jpg 150w, https:\/\/samhealthplans.org\/wp-content\/uploads\/sites\/3\/2023\/06\/312B-Tri-County-Graphic-684x684-DES-156191-1020-425x425.jpg 425w, https:\/\/samhealthplans.org\/wp-content\/uploads\/sites\/3\/2023\/06\/312B-Tri-County-Graphic-684x684-DES-156191-1020-100x100.jpg 100w\" sizes=\"auto, (max-width: 684px) 100vw, 684px\" \/>\t\t<\/figure>\n\t\t<div class=\"entry-content\">\n\n<h2 class=\"wp-block-heading\" id=\"h-plans-for-51-employees\">Planes para 51+ empleados<\/h2>\n\n\n\n<p>Samaritan Health Plans ofrece planes para grupos grandes para empresas Oregon con m\u00e1s de 50 empleados. Nuestros planes de salud ayudan a controlar los costos de su seguro al involucrar a sus empleados y sus familias en el mantenimiento y la mejora de su salud.<\/p>\n\n\n\n<p>Para obtener m\u00e1s informaci\u00f3n sobre nuestras diversas ofertas de planes, comun\u00edquese con su corredor o un agente de ventas de Samaritan Health Plans.<\/p>\n\n\n\n<div class=\"wp-block-button\"><a class=\"wp-block-button__link wp-element-button\" href=\"https:\/\/samhealthplans.org\/es\/comuniquese-con-los-planes-de-salud-de-samaritan\/\">Con\u00e9ctate con nosotros<\/a><\/div>\n\n<\/div>\n\t<\/section>\n\n\n\n<section id=\"block_94acdf7b6a498f2cd089205fd346b34f\" class=\"shs-block block-section grid-container has-gray-warm-background-color\" >\n\t\t<div class=\"entry-content\">\n\n<h2 class=\"wp-block-heading\" id=\"h-large-group-plan-information\">Informaci\u00f3n sobre el plan para grupos grandes<\/h2>\n\n\n\n<h3 class=\"wp-block-heading\" id=\"h-understand-your-benefits\"><strong>Comprenda sus beneficios<\/strong><\/h3>\n\n\n\n<p>Revise el certificado de su plan para comprender los detalles de sus beneficios de atenci\u00f3n m\u00e9dica y medicamentos recetados cubiertos:<\/p>\n\n\n\n<ul class=\"wp-block-list\">\n<li><a href=\"https:\/\/samhealthplans.org\/wp-content\/uploads\/sites\/3\/2026-large-group-certificate-ppo.pdf\" target=\"_blank\" rel=\"noreferrer noopener\">Certificado 2026 \u2013 Planes para grupos grandes PPO (English)<\/a><\/li>\n<\/ul>\n\n\n\n<ul class=\"wp-block-list\">\n<li><a href=\"https:\/\/samhealthplans.org\/es\/certificado-de-grupo-grande-2025-ppo\/?type=pdf\" target=\"_blank\" rel=\"noreferrer noopener\">Certificado 2025 \u2013 Planes para grupos grandes PPO (English)<\/a><\/li>\n\n\n\n<li><a href=\"https:\/\/samhealthplans.org\/es\/certificado-de-grupo-grande-2025-epo\/?type=pdf\" target=\"_blank\" rel=\"noreferrer noopener\">Certificado 2025 \u2013 Planes para Grupos Grandes EPO (English)<\/a><\/li>\n<\/ul>\n\n\n\n<h3 class=\"wp-block-heading\" id=\"h-some-services-require-authorization\">Algunos servicios requieren autorizaci\u00f3n<\/h3>\n\n\n\n<p>La cobertura de ciertos servicios m\u00e9dicos y procedimientos quir\u00fargicos requiere una autorizaci\u00f3n por escrito de Samaritan Health Plans antes de que se presten los servicios. Su proveedor puede solicitar autorizaci\u00f3n previa por tel\u00e9fono, fax o correo postal. Si por alguna raz\u00f3n su proveedor no solicita o no solicita autorizaci\u00f3n previa para usted, debe comunicarse con Samaritan Health Plans usted mismo. En algunos casos, se puede requerir informaci\u00f3n adicional o una segunda opini\u00f3n antes de autorizar la cobertura.<\/p>\n\n\n\n<ul class=\"wp-block-list\">\n<li><a href=\"https:\/\/samhealthplans.org\/wp-content\/uploads\/sites\/3\/2026-Prior-Authorization-List-Large-Employer-Group-Plans.pdf\" target=\"_blank\" rel=\"noreferrer noopener\">Lista de Autorizaciones Previas 2026 \u2013 Planes para Grupos Grandes (English)<\/a><\/li>\n\n\n\n<li><a href=\"https:\/\/samhealthplans.org\/wp-content\/uploads\/sites\/3\/2025-Prior-Authorization-List-Large-Employer-Group-Plans.pdf\" target=\"_blank\" rel=\"noreferrer noopener\">Lista de autorizaciones previas para 2025: planes para grupos grandes (English)<\/a><\/li>\n<\/ul>\n\n\n\n<h4 class=\"wp-block-heading\" id=\"h-additional-benefits-available-nbsp\"><br>Beneficios adicionales disponibles&nbsp;<\/h4>\n\n\n\n<p>Nuestros planes para grupos grandes se pueden personalizar con los siguientes beneficios opcionales:<\/p>\n\n\n\n<ul class=\"wp-block-list\">\n<li><a href=\"https:\/\/samhealthplans.org\/wp-content\/uploads\/sites\/3\/Massage-Therapy-Rider-Samaritan-Large-Group.pdf\" target=\"_blank\" rel=\"noreferrer noopener\">Beneficios de la terapia de masajes (English)<\/a><\/li>\n\n\n\n<li><a href=\"https:\/\/samhealthplans.org\/wp-content\/uploads\/sites\/3\/Vision-Rider-Samaritan-Large-Group.pdf\" target=\"_blank\" rel=\"noreferrer noopener\">Beneficios de cobertura de la vista (English)<\/a><\/li>\n<\/ul>\n\n\n\n<p>Programa de asistencia al empleado (EAP):<\/p>\n\n\n\n<ul class=\"wp-block-list\">\n<li><a href=\"https:\/\/samhealthplans.org\/es\/programa-de-asistencia-al-empleado-grupo-grande-mejorado\/?type=pdf\" target=\"_blank\" rel=\"noreferrer noopener\">EAP mejorado (English)<\/a><\/li>\n\n\n\n<li><a href=\"https:\/\/samhealthplans.org\/es\/plataforma-de-programa-de-asistencia-al-empleado-para-grandes-grupos\/?type=pdf\" target=\"_blank\" rel=\"noreferrer noopener\">Plataforma EAP (English)<\/a><\/li>\n<\/ul>\n\n\n\n<h3 class=\"wp-block-heading\" id=\"h-schedule-of-benefits\"><br>Cuadro de beneficios<\/h3>\n\n\n\n<p>Los corredores pueden comunicarse con su representante de ventas de Samaritan Health Plans para obtener informaci\u00f3n detallada. Los empleadores pueden llamar a su corredor o representante de ventas.<\/p>\n\n<\/div>\n\t<\/section>\n\n\n\n<section id=\"block_0bfb7e6fc2c61586ac7cab8ad1e1d06e\" class=\"shs-block block-section grid-container has-white-background-color has-circle-image has-medium-circle-image\" >\n\t\t\t<figure class=\"image\"\n\t\t\t\t\t\t>\n\t\t\t<img loading=\"lazy\" decoding=\"async\" width=\"425\" height=\"425\" src=\"https:\/\/samhealthplans.org\/wp-content\/uploads\/sites\/3\/man-on-phone-telehalth-CIR-425x425.jpg\" class=\"attachment-square-md size-square-md\" alt=\"Hombre sonriendo mientras realiza una llamada con su tel\u00e9fono m\u00f3vil.\" srcset=\"https:\/\/samhealthplans.org\/wp-content\/uploads\/sites\/3\/man-on-phone-telehalth-CIR-425x425.jpg 425w, https:\/\/samhealthplans.org\/wp-content\/uploads\/sites\/3\/man-on-phone-telehalth-CIR-300x300.jpg 300w, https:\/\/samhealthplans.org\/wp-content\/uploads\/sites\/3\/man-on-phone-telehalth-CIR-150x150.jpg 150w, https:\/\/samhealthplans.org\/wp-content\/uploads\/sites\/3\/man-on-phone-telehalth-CIR-12x12.jpg 12w, https:\/\/samhealthplans.org\/wp-content\/uploads\/sites\/3\/man-on-phone-telehalth-CIR-100x100.jpg 100w, https:\/\/samhealthplans.org\/wp-content\/uploads\/sites\/3\/man-on-phone-telehalth-CIR.jpg 684w\" sizes=\"auto, (max-width: 425px) 100vw, 425px\" \/>\t\t<\/figure>\n\t\t<div class=\"entry-content\">\n\n<h2 class=\"wp-block-heading\">Telemedicina: Reciba atenci\u00f3n cuando la necesite<\/h2>\n\n\n\n<p>Ya sea que est\u00e9s lejos de casa o prefieras la comodidad de una consulta virtual, Teladoc puede ayudarte, sin copago ni gastos de bolsillo para los miembros del plan.<\/p>\n\n\n\n<p>La atenci\u00f3n virtual a trav\u00e9s de Teladoc est\u00e1 disponible las 24 horas del d\u00eda, los 7 d\u00edas de la semana para los miembros del plan.<\/p>\n\n\n\n<div class=\"wp-block-buttons is-layout-flex wp-block-buttons-is-layout-flex\">\n<div class=\"wp-block-button\"><a class=\"wp-block-button__link wp-element-button\" href=\"https:\/\/samhealthplans.org\/es\/miembros-del-plan\/telesalud\/\">Obtenga m\u00e1s informaci\u00f3n sobre Teladoc<\/a><\/div>\n<\/div>\n\n\n\n<p>&nbsp;<\/p>\n\n<\/div>\n\t<\/section>\n\n\n\n<section id=\"block_ad7aaf1eeb0e3e35798ac49939e8fca8\" class=\"shs-block block-slim-section grid-container has-gold-background-color\">\n\n\t<div class=\"entry-content\">\n\n<h2 class=\"wp-block-heading\">\u00bfBusca formularios y documentos adicionales?<\/h2>\n\n\n\n<p>Encuentre formularios, certificados y otros documentos importantes del plan en nuestra secci\u00f3n Administradores de Planes.<\/p>\n\n\n\n<div class=\"wp-block-buttons is-layout-flex wp-block-buttons-is-layout-flex\">\n<div class=\"wp-block-button\"><a class=\"wp-block-button__link wp-element-button\" href=\"https:\/\/samhealthplans.org\/es\/miembros-del-plan\/miembros-del-grupo-de-empleadores\/administradores-de-plan\/recursos-para-grupos-grandes\/\">Recursos para grupos grandes<\/a><\/div>\n<\/div>\n\n<\/div>\n\n\t<\/section>","protected":false},"excerpt":{"rendered":"<p>Explora los beneficios que ofrecen nuestros planes de salud para grupos grandes disponibles en 2021 para empresas Oregon con m\u00e1s de 50 empleados.<\/p>","protected":false},"author":11,"featured_media":0,"parent":154,"menu_order":2,"comment_status":"closed","ping_status":"closed","template":"","meta":{"_acf_changed":false,"_searchwp_excluded":"","_shs_workflow_notes":"","_shs_exclude_from_navigation":true,"_shs_promote_article_on_blogs":"","footnotes":""},"class_list":["post-425","page","type-page","status-publish","hentry"],"acf":[],"_links":{"self":[{"href":"https:\/\/samhealthplans.org\/es\/wp-json\/wp\/v2\/pages\/425","targetHints":{"allow":["GET"]}}],"collection":[{"href":"https:\/\/samhealthplans.org\/es\/wp-json\/wp\/v2\/pages"}],"about":[{"href":"https:\/\/samhealthplans.org\/es\/wp-json\/wp\/v2\/types\/page"}],"author":[{"embeddable":true,"href":"https:\/\/samhealthplans.org\/es\/wp-json\/wp\/v2\/users\/11"}],"replies":[{"embeddable":true,"href":"https:\/\/samhealthplans.org\/es\/wp-json\/wp\/v2\/comments?post=425"}],"version-history":[{"count":2,"href":"https:\/\/samhealthplans.org\/es\/wp-json\/wp\/v2\/pages\/425\/revisions"}],"predecessor-version":[{"id":13504,"href":"https:\/\/samhealthplans.org\/es\/wp-json\/wp\/v2\/pages\/425\/revisions\/13504"}],"up":[{"embeddable":true,"href":"https:\/\/samhealthplans.org\/es\/wp-json\/wp\/v2\/pages\/154"}],"wp:attachment":[{"href":"https:\/\/samhealthplans.org\/es\/wp-json\/wp\/v2\/media?parent=425"}],"curies":[{"name":"Gracias","href":"https:\/\/api.w.org\/{rel}","templated":true}]}}