{"id":438,"date":"2023-06-09T23:43:37","date_gmt":"2023-06-10T06:43:37","guid":{"rendered":"https:\/\/samhealth.org\/samhealthplans\/?page_id=438"},"modified":"2025-05-23T14:31:29","modified_gmt":"2025-05-23T21:31:29","slug":"administradores-de-plan","status":"publish","type":"page","link":"https:\/\/samhealthplans.org\/es\/plan-members\/employer-group-members\/plan-administrators\/","title":{"rendered":"Recursos para administradores de planes"},"content":{"rendered":"<section id=\"block_41e19004d50cde710112023517fcde68\" class=\"shs-block block-section grid-container has-white-background-color\" >\n\t\t<div class=\"entry-content\">\n\n<h1 class=\"wp-block-heading\" id=\"h-resources-for-group-plan-administrators\">Recursos para administradores de planes grupales<\/h1>\n\n<\/div>\n\t<\/section>\n\n\n\n<section id=\"block_2619b96f2388f39fd04ed91d206d244f\" class=\"shs-block block-section grid-container has-blue-light-background-color has-circle-image col-reverse\" >\n\t\t\t<figure class=\"image\"\n\t\t\t\t\t\t>\n\t\t\t<img loading=\"lazy\" decoding=\"async\" width=\"684\" height=\"684\" src=\"https:\/\/samhealthplans.org\/wp-content\/uploads\/sites\/3\/2023\/06\/Paying-Bills-BGC-1.jpg\" class=\"attachment-square-lg size-square-lg\" alt=\"Imagen de cerca de una computadora port\u00e1til y alguien pagando facturas\" srcset=\"https:\/\/samhealthplans.org\/wp-content\/uploads\/sites\/3\/2023\/06\/Paying-Bills-BGC-1.jpg 684w, https:\/\/samhealthplans.org\/wp-content\/uploads\/sites\/3\/2023\/06\/Paying-Bills-BGC-1-300x300.jpg 300w, https:\/\/samhealthplans.org\/wp-content\/uploads\/sites\/3\/2023\/06\/Paying-Bills-BGC-1-150x150.jpg 150w, https:\/\/samhealthplans.org\/wp-content\/uploads\/sites\/3\/2023\/06\/Paying-Bills-BGC-1-425x425.jpg 425w, https:\/\/samhealthplans.org\/wp-content\/uploads\/sites\/3\/2023\/06\/Paying-Bills-BGC-1-100x100.jpg 100w\" sizes=\"auto, (max-width: 684px) 100vw, 684px\" \/>\t\t<\/figure>\n\t\t<div class=\"entry-content\">\n\n<h2 class=\"wp-block-heading\">Pague su factura en l\u00ednea<\/h2>\n\n\n\n<p>Pague su factura de prima c\u00f3modamente en l\u00ednea con un nuevo servicio llamado InstaMed. Vea sus estados de cuenta, cambie o actualice su pago y configure notificaciones en l\u00ednea, todo en un solo lugar.<\/p>\n\n\n\n<div class=\"wp-block-button\"><a class=\"wp-block-button__link wp-element-button\" href=\"https:\/\/samhealthplans.org\/es\/paga-tu-factura\/\">Pagar en l\u00ednea<\/a><\/div>\n\n<\/div>\n\t<\/section>\n\n\n\n<section id=\"block_41e19004d50cde710112023517fcde68\" class=\"shs-block block-section grid-container has-white-background-color\" >\n\t\t<div class=\"entry-content\">\n\n<h2 class=\"wp-block-heading\">Administra tu cuenta<\/h2>\n\n\n\n<p>Los administradores de planes pueden acceder a formularios, recursos y materiales para miembros de su plan y sus empleados. Obtenga respuestas a las preguntas frecuentes que pueda tener.<\/p>\n\n\n\n<div class=\"wp-block-buttons is-layout-flex wp-block-buttons-is-layout-flex\">\n<div class=\"wp-block-button\"><a class=\"wp-block-button__link wp-element-button\" href=\"https:\/\/samhealthplans.org\/es\/miembros-del-plan\/miembros-del-grupo-de-empleadores\/administradores-de-plan\/recursos-para-grupos-grandes\/\">Ver recursos para grupos grandes<\/a><\/div>\n<\/div>\n\n<\/div>\n\t<\/section>\n\n\n\n<section id=\"block_2238a1db80247e2cd2be07ef462dba90\" class=\"shs-block block-section grid-container has-gray-warm-background-color\" >\n\t\t<div class=\"entry-content\">\n\n<h2 class=\"wp-block-heading\">Cobertura de continuaci\u00f3n<\/h2>\n\n\n\n<p>\u00bfBusca informaci\u00f3n sobre la continuaci\u00f3n de la cobertura para sus empleados? Obtenga respuestas a sus preguntas sobre elegibilidad, opciones de cobertura y m\u00e1s.<\/p>\n\n\n\n<div class=\"wp-block-button\"><a class=\"wp-block-button__link wp-element-button\" href=\"https:\/\/samhealthplans.org\/es\/miembros-del-plan\/miembros-del-grupo-de-empleadores\/administradores-de-plan\/cobertura-de-continuacion\/\">M\u00e1s informaci\u00f3n<\/a><\/div>\n\n<\/div>\n\t<\/section>","protected":false},"excerpt":{"rendered":"<p>Los administradores del plan pueden acceder a formularios y recursos importantes para administrar su cuenta con Samaritan Health Plans, incluidos formularios y recursos para miembros.<\/p>","protected":false},"author":10,"featured_media":0,"parent":154,"menu_order":5,"comment_status":"closed","ping_status":"closed","template":"","meta":{"_acf_changed":false,"_searchwp_excluded":"","_shs_workflow_notes":"","_shs_exclude_from_navigation":true,"_shs_promote_article_on_blogs":"","footnotes":""},"class_list":["post-438","page","type-page","status-publish","hentry"],"acf":[],"_links":{"self":[{"href":"https:\/\/samhealthplans.org\/es\/wp-json\/wp\/v2\/pages\/438","targetHints":{"allow":["GET"]}}],"collection":[{"href":"https:\/\/samhealthplans.org\/es\/wp-json\/wp\/v2\/pages"}],"about":[{"href":"https:\/\/samhealthplans.org\/es\/wp-json\/wp\/v2\/types\/page"}],"author":[{"embeddable":true,"href":"https:\/\/samhealthplans.org\/es\/wp-json\/wp\/v2\/users\/10"}],"replies":[{"embeddable":true,"href":"https:\/\/samhealthplans.org\/es\/wp-json\/wp\/v2\/comments?post=438"}],"version-history":[{"count":0,"href":"https:\/\/samhealthplans.org\/es\/wp-json\/wp\/v2\/pages\/438\/revisions"}],"up":[{"embeddable":true,"href":"https:\/\/samhealthplans.org\/es\/wp-json\/wp\/v2\/pages\/154"}],"wp:attachment":[{"href":"https:\/\/samhealthplans.org\/es\/wp-json\/wp\/v2\/media?parent=438"}],"curies":[{"name":"Gracias","href":"https:\/\/api.w.org\/{rel}","templated":true}]}}