{"id":4388,"date":"2023-08-15T19:40:43","date_gmt":"2023-08-16T02:40:43","guid":{"rendered":"https:\/\/samhealthplans.org\/?page_id=4388"},"modified":"2024-03-28T13:10:59","modified_gmt":"2024-03-28T20:10:59","slug":"correo-de-agradecimiento","status":"publish","type":"page","link":"https:\/\/samhealthplans.org\/es\/shop-samaritan-plans\/medicare-advantage\/educational-brochure\/thank-you-mail\/","title":{"rendered":"Correo de agradecimiento"},"content":{"rendered":"<section id=\"block_f630ba0324cf35b96853121c65db158a\" class=\"shs-block block-section grid-container has-blue-primary-background-color\" style=\"background-image: url(https:\/\/samhealthplans.org\/wp-content\/uploads\/sites\/3\/2023\/06\/Medicare-Title-illustration-BA.jpg); background-position:50% 50%;\">\n\t\t<div class=\"entry-content\">\n\n<h1 class=\"wp-block-heading\">Gracias por su solicitud<\/h1>\n\n<\/div>\n\t<div class=\"has-overlay\"><\/div><\/section>\n\n\n\n<section id=\"block_2c043de4bf294044fa64979b6fa163a1\" class=\"shs-block block-section grid-container has-white-background-color\" >\n\t\t<div class=\"entry-content\">\n\n<p>Su folleto educativo GRATUITO de Medicare est\u00e1 en camino.&nbsp;<strong>Llegar\u00e1 en 5 a 10 d\u00edas.<\/strong>.&nbsp;<\/p>\n\n\n\n<p>\u00a1Gracias por su inter\u00e9s en Samaritan Health Plans! Nuestra gu\u00eda educativa gratuita sobre Medicare contiene informaci\u00f3n \u00fatil sobre los conceptos b\u00e1sicos de Medicare y c\u00f3mo elegir el mejor plan para usted.<\/p>\n\n\n\n<p>Si tiene preguntas, nuestros expertos locales de Medicare est\u00e1n disponibles. Ll\u00e1menos al 541-768-4550 o al 800-832-4580 (TTY 800-735-2900), de lunes a viernes, 8:30 a.m. to 5 p.m.<\/p>\n\n<\/div>\n\t<\/section>\n\n\n\n<section id=\"block_2ba12b3686189a100777563063224b9c\" class=\"shs-block block-slim-section grid-container has-gold-background-color\">\n\n\t<div class=\"entry-content\">\n\n<h2 class=\"wp-block-heading\">Asista a una reuni\u00f3n vecinal o seminario web<\/h2>\n\n\n\n<p>\u00danase a nosotros en persona o desde la comodidad de su hogar. Haga preguntas y conozca sus opciones y nuestros planes de seguro de Medicare sin compromiso.<\/p>\n\n\n\n<div class=\"wp-block-buttons is-layout-flex wp-block-buttons-is-layout-flex\">\n<div class=\"wp-block-button\"><a class=\"wp-block-button__link wp-element-button\" href=\"https:\/\/samhealthplans.org\/es\/planes-de-la-tienda-samaritana\/ventaja-de-medicare\/asistir-a-una-reunion\/\">Encuentre una reuni\u00f3n cerca de usted<\/a><\/div>\n<\/div>\n\n<\/div>\n\n\t<\/section>\n\n\n<section id=\"block_4cb4977eccd54eed0a84affa2a41f99d\" class=\"shs-block callouts is-squared grid-container has-blue-primary-background-color\" >\n\n\n\t<ul class=\"callouts-list\">\n\t\n\t\t<li class=\"callout is-squared\">\n\n\t\t\t\n\t\t\t\n\t\t\t\t\t\t\t<h3 class=\"callout-title\">Compara nuestros planes<\/h3>\n\t\t\t\n\t\t\t\t\t\t\t<figure class=\"image\">\n\t\t\t\t\t<img decoding=\"async\" src=\"https:\/\/samhealthplans.org\/wp-content\/uploads\/sites\/3\/2023\/06\/smiling-woman-at-laptop-CO.jpg\" alt=\"Mujer sonriente trabajando en su computadora port\u00e1til en casa.\" width=\"360\" height=\"300\" loading=\"lazy\">\n\t\t\t\t<\/figure>\n\t\t\t\n\t\t\t\t\t\t\t<p class=\"callout-body\">Vea qu\u00e9 plan Samaritan Advantage tiene m\u00e1s sentido para usted.<\/p>\n\t\t\t\n\t\t\t\t\t\t\t<a\t\t\t\t\t\t\t\t\thref=\"https:\/\/samhealthplans.org\/es\/planes-de-la-tienda-samaritana\/ventaja-de-medicare\/compare-our-2023-plans\/\" target=\"_blank\"\n\t\t\t\t\t\t\t\tclass=\"shs-button callout-link\">Planes 2024<\/a>\n\t\t\t\n\n\t\t\t\n\t\t<\/li>\n\t\t\n\t\t<li class=\"callout is-squared\">\n\n\t\t\t\n\t\t\t\n\t\t\t\t\t\t\t<h3 class=\"callout-title\">\u00bfListo para inscribirse?<\/h3>\n\t\t\t\n\t\t\t\t\t\t\t<figure class=\"image\">\n\t\t\t\t\t<img decoding=\"async\" src=\"https:\/\/samhealthplans.org\/wp-content\/uploads\/sites\/3\/2023\/06\/Man-talking-with-doctor-CO.jpg\" alt=\"Hombre mayor hablando mientras gesticula con las manos.\" width=\"360\" height=\"300\" loading=\"lazy\">\n\t\t\t\t<\/figure>\n\t\t\t\n\t\t\t\t\t\t\t<p class=\"callout-body\">Visite nuestra oficina, ll\u00e1menos o descargue un formulario de inscripci\u00f3n.<\/p>\n\t\t\t\n\t\t\t\t\t\t\t<a\t\t\t\t\t\t\t\t\thref=\"https:\/\/samhealthplans.org\/es\/planes-de-la-tienda-samaritana\/ventaja-de-medicare\/inscribirse\/\" target=\"_blank\"\n\t\t\t\t\t\t\t\tclass=\"shs-button callout-link\">Inscr\u00edbete para el 2024<\/a>\n\t\t\t\n\n\t\t\t\n\t\t<\/li>\n\t\t\t<\/ul>\n\t\n<\/section>\n\n\n\n<section id=\"block_0da04e37338a377968d1e7c580323cc1\" class=\"shs-block block-alert grid-container has-white-background-color\">\n\n\t<div class=\"acf-innerblocks-container\">\n\n<p class=\"has-text-align-center\">P\u00e1gina actualizada el 15-8-23<\/p>\n\n<\/div>\n\n<\/section>","protected":false},"excerpt":{"rendered":"<p>Su gu\u00eda educativa gratuita sobre Medicare se le enviar\u00e1 por correo a partir del Samaritan Health Plans.<\/p>","protected":false},"author":18,"featured_media":0,"parent":4350,"menu_order":0,"comment_status":"closed","ping_status":"closed","template":"","meta":{"_acf_changed":false,"_searchwp_excluded":"1","_shs_workflow_notes":"","_shs_exclude_from_navigation":true,"_shs_promote_article_on_blogs":"","footnotes":""},"class_list":["post-4388","page","type-page","status-publish","hentry"],"acf":[],"_links":{"self":[{"href":"https:\/\/samhealthplans.org\/es\/wp-json\/wp\/v2\/pages\/4388","targetHints":{"allow":["GET"]}}],"collection":[{"href":"https:\/\/samhealthplans.org\/es\/wp-json\/wp\/v2\/pages"}],"about":[{"href":"https:\/\/samhealthplans.org\/es\/wp-json\/wp\/v2\/types\/page"}],"author":[{"embeddable":true,"href":"https:\/\/samhealthplans.org\/es\/wp-json\/wp\/v2\/users\/18"}],"replies":[{"embeddable":true,"href":"https:\/\/samhealthplans.org\/es\/wp-json\/wp\/v2\/comments?post=4388"}],"version-history":[{"count":0,"href":"https:\/\/samhealthplans.org\/es\/wp-json\/wp\/v2\/pages\/4388\/revisions"}],"up":[{"embeddable":true,"href":"https:\/\/samhealthplans.org\/es\/wp-json\/wp\/v2\/pages\/4350"}],"wp:attachment":[{"href":"https:\/\/samhealthplans.org\/es\/wp-json\/wp\/v2\/media?parent=4388"}],"curies":[{"name":"Gracias","href":"https:\/\/api.w.org\/{rel}","templated":true}]}}