{"id":4535,"date":"2023-08-16T21:29:55","date_gmt":"2023-08-17T04:29:55","guid":{"rendered":"https:\/\/samhealthplans.org\/?page_id=4535"},"modified":"2024-03-28T13:16:31","modified_gmt":"2024-03-28T20:16:31","slug":"gracias-2","status":"publish","type":"page","link":"https:\/\/samhealthplans.org\/es\/providers\/provider-news-and-webinars\/meeting\/thank-you\/","title":{"rendered":"Gracias"},"content":{"rendered":"<section id=\"block_2cf1fb59a2a9834a5172624ed03c1c51\" class=\"shs-block block-section grid-container has-white-background-color\" >\n\t\t<div class=\"entry-content\">\n\n<h1 class=\"wp-block-heading\" id=\"h-thank-you-for-registering\">Gracias por registrarse<\/h1>\n\n\n\n<p>Esperamos que se una a nuestro seminario web. Est\u00e9 atento a su correo electr\u00f3nico para obtener detalles de la reuni\u00f3n y un enlace al seminario web.<\/p>\n\n<\/div>\n\t<\/section>","protected":false},"excerpt":{"rendered":"<p>Gracias por registrarse en nuestro seminario web para proveedores. <\/p>","protected":false},"author":20,"featured_media":0,"parent":4528,"menu_order":0,"comment_status":"closed","ping_status":"closed","template":"","meta":{"_acf_changed":false,"_searchwp_excluded":"1","_shs_workflow_notes":"","_shs_exclude_from_navigation":true,"_shs_promote_article_on_blogs":"","footnotes":""},"class_list":["post-4535","page","type-page","status-publish","hentry"],"acf":[],"_links":{"self":[{"href":"https:\/\/samhealthplans.org\/es\/wp-json\/wp\/v2\/pages\/4535","targetHints":{"allow":["GET"]}}],"collection":[{"href":"https:\/\/samhealthplans.org\/es\/wp-json\/wp\/v2\/pages"}],"about":[{"href":"https:\/\/samhealthplans.org\/es\/wp-json\/wp\/v2\/types\/page"}],"author":[{"embeddable":true,"href":"https:\/\/samhealthplans.org\/es\/wp-json\/wp\/v2\/users\/20"}],"replies":[{"embeddable":true,"href":"https:\/\/samhealthplans.org\/es\/wp-json\/wp\/v2\/comments?post=4535"}],"version-history":[{"count":0,"href":"https:\/\/samhealthplans.org\/es\/wp-json\/wp\/v2\/pages\/4535\/revisions"}],"up":[{"embeddable":true,"href":"https:\/\/samhealthplans.org\/es\/wp-json\/wp\/v2\/pages\/4528"}],"wp:attachment":[{"href":"https:\/\/samhealthplans.org\/es\/wp-json\/wp\/v2\/media?parent=4535"}],"curies":[{"name":"Gracias","href":"https:\/\/api.w.org\/{rel}","templated":true}]}}