{"id":457,"date":"2023-06-12T18:18:46","date_gmt":"2023-06-13T01:18:46","guid":{"rendered":"https:\/\/samhealth.org\/samhealthplans\/?page_id=457"},"modified":"2025-08-01T13:59:22","modified_gmt":"2025-08-01T20:59:22","slug":"acto-sin-sorpresas","status":"publish","type":"page","link":"https:\/\/samhealthplans.org\/es\/plan-members\/no-surprises-act\/","title":{"rendered":"Ley de No Sorpresas"},"content":{"rendered":"<section id=\"block_1f0173e37552c5992baa5e6d999af4e7\" class=\"shs-block block-section grid-container has-white-background-color\" >\n\t\t<div class=\"entry-content\">\n\n<h1 class=\"wp-block-heading\" id=\"h-understand-the-no-surprises-act\">Entender la Ley de No Sorpresas<\/h1>\n\n<\/div>\n\t<\/section>\n\n\n\n<section id=\"block_1f0173e37552c5992baa5e6d999af4e7\" class=\"shs-block block-section grid-container has-white-background-color\" >\n\t\t<div class=\"entry-content\">\n\n<p>La Ley Sin Sorpresas protege a los pacientes cubiertos por planes de salud grupales e individuales de recibir facturas m\u00e9dicas inesperadas cuando reciben servicios de proveedores fuera de la red en instalaciones dentro de la red, y\/o servicios de proveedores de servicios de ambulancia a\u00e9rea fuera de la red. La legislaci\u00f3n limita la participaci\u00f3n de los pacientes en los costos de los art\u00edculos y servicios fuera de la red en los niveles dentro de la red y requiere que los proveedores trabajen con las aseguradoras y los planes de salud para negociar las facturas restantes. Tambi\u00e9n establece un proceso de Resoluci\u00f3n de Disputas Independiente (IDR, por sus siglas en ingl\u00e9s) para las disputas de pago entre planes y proveedores, y ofrece nuevas oportunidades de resoluci\u00f3n de disputas para personas no aseguradas y que pagan por s\u00ed mismas cuando reciben una factura m\u00e9dica que es sustancialmente mayor que la estimaci\u00f3n de buena fe que reciben del proveedor.<\/p>\n\n\n\n<p>Se siguen desarrollando normas y procesos federales, y a\u00fan quedan preguntas sobre el alcance y las leyes estatales relacionadas. Seguiremos informando a los clientes a medida que tengamos m\u00e1s informaci\u00f3n.<\/p>\n\n\n\n<p>La Ley Sin Sorpresas se aprob\u00f3 a fines de 2020 y entr\u00f3 en vigor el 1 de enero de 2022.<\/p>\n\n<\/div>\n\t<\/section>\n\n\n\n<section id=\"block_1f0173e37552c5992baa5e6d999af4e7\" class=\"shs-block block-section grid-container has-white-background-color\" >\n\t\t<div class=\"entry-content\">\n\n<h2 class=\"wp-block-heading\">Preguntas frecuentes sobre la Ley Sin Sorpresas<\/h2>\n\n\n\n<div id=\"block_aaf24b1243dca71315fa2b63e111663d\" class=\"shs-block accordion\">\n\t<h3 class=\"accordion-title\">\n\t\t<button\n\t\t\ttype=\"button\"\n\t\t\tid=\"accordion_title_69e181160cc311.74502253\"\n\t\t\tclass=\"accordion-control\" aria-expanded=\"false\"\n\t\t\taria-controls=\"accordion_panel_69e181160cc387.69012758\">\u00bfCu\u00e1les son algunas de las caracter\u00edsticas clave de la Ley Sin Sorpresas? <span class=\"iconfont-chevron-right\"><\/span><\/button>\n\t<\/h3>\n\t<section\n\t\tid=\"accordion_panel_69e181160cc387.69012758\"\n\t\tclass=\"accordion-panel\"\n\t\taria-labelledby=\"accordion_title_69e181160cc311.74502253\" style=\"height:0\">\n\t\t<div class=\"entry-content\">\n\n<p>La Ley Sin Sorpresas es una ley que establece est\u00e1ndares federales para resolver las facturas sorpresa para los mercados de individuos, grupos peque\u00f1os y grupos grandes totalmente asegurados y para los planes grupales autoasegurados, incluidos los planes adquiridos para los a\u00f1os de plan y p\u00f3liza que comiencen a partir del 1 de enero de 2022. La ley se aplica a los servicios de emergencia en hospitales fuera de la red y centros de emergencia independientes, proveedores fuera de la red en centros dentro de la red y transportistas de ambulancias a\u00e9reas fuera de la red.<\/p>\n\n\n\n<p>La Ley Sin Sorpresas establece un proceso independiente de resoluci\u00f3n de disputas, tambi\u00e9n conocido como arbitraje, para resolver disputas entre proveedores fuera de la red y aseguradoras\/planes de salud y proh\u00edbe la facturaci\u00f3n de saldos por parte de proveedores fuera de la red con ciertas excepciones. La ley no se aplica si el miembro elige recibir art\u00edculos y servicios de un proveedor fuera de la red.<\/p>\n\n\n\n<p>Los Departamentos de Salud y Servicios Humanos, Trabajo y el Tesoro aclarar\u00e1n una serie de disposiciones importantes de la Ley Sin Sorpresas a trav\u00e9s de la elaboraci\u00f3n de normas.<\/p>\n\n<\/div>\n\t<\/section>\n<\/div>\n\n\n\n<div id=\"block_16fb5c2ba6d25ea1c4af1d6516871485\" class=\"shs-block accordion\">\n\t<h3 class=\"accordion-title\">\n\t\t<button\n\t\t\ttype=\"button\"\n\t\t\tid=\"accordion_title_69e181160cdf17.39745109\"\n\t\t\tclass=\"accordion-control\" aria-expanded=\"false\"\n\t\t\taria-controls=\"accordion_panel_69e181160cdf49.77947198\">\u00bfA qu\u00e9 proveedores e instalaciones se aplica la Ley Sin Sorpresas? <span class=\"iconfont-chevron-right\"><\/span><\/button>\n\t<\/h3>\n\t<section\n\t\tid=\"accordion_panel_69e181160cdf49.77947198\"\n\t\tclass=\"accordion-panel\"\n\t\taria-labelledby=\"accordion_title_69e181160cdf17.39745109\" style=\"height:0\">\n\t\t<div class=\"entry-content\">\n\n<p>La Ley Sin Sorpresas se aplica a tres tipos de proveedores e instalaciones de atenci\u00f3n m\u00e9dica:<\/p>\n\n\n\n<p>1. Art\u00edculos y servicios cubiertos en caso de emergencia fuera de la red.<br>2. Art\u00edculos y servicios m\u00e9dicos cubiertos prestados por un proveedor fuera de la red en un centro dentro de la red.<br>3. Art\u00edculos y servicios de ambulancia a\u00e9rea fuera de la red.<\/p>\n\n<\/div>\n\t<\/section>\n<\/div>\n\n\n\n<div id=\"block_0a2839b3c1d235a2481289f651a72099\" class=\"shs-block accordion\">\n\t<h3 class=\"accordion-title\">\n\t\t<button\n\t\t\ttype=\"button\"\n\t\t\tid=\"accordion_title_69e181160cfaa9.84809244\"\n\t\t\tclass=\"accordion-control\" aria-expanded=\"false\"\n\t\t\taria-controls=\"accordion_panel_69e181160cfac4.32125504\">\u00bfC\u00f3mo se tratan la autorizaci\u00f3n previa, los l\u00edmites de cobertura y el costo compartido de los miembros para los servicios fuera de la red sujetos a la Ley Sin Sorpresas? <span class=\"iconfont-chevron-right\"><\/span><\/button>\n\t<\/h3>\n\t<section\n\t\tid=\"accordion_panel_69e181160cfac4.32125504\"\n\t\tclass=\"accordion-panel\"\n\t\taria-labelledby=\"accordion_title_69e181160cfaa9.84809244\" style=\"height:0\">\n\t\t<div class=\"entry-content\">\n\n<p>Las aseguradoras\/planes de salud tienen prohibido exigir autorizaci\u00f3n previa para servicios de emergencia fuera de la red y no pueden aplicar limitaciones de cobertura para servicios de emergencia fuera de la red que sean m\u00e1s restrictivas que aquellas para los servicios dentro de la red.<\/p>\n\n\n\n<p>Las aseguradoras y los planes de salud no pueden aplicar un costo compartido para los art\u00edculos y servicios cubiertos fuera de la red que sea mayor que el costo compartido aplicado a los art\u00edculos y servicios cubiertos dentro de la red (por ejemplo, el coseguro 10% para los mismos art\u00edculos y servicios cubiertos dentro y fuera de la red). Todos los costos compartidos fuera de la red deben computarse para cualquier deducible y l\u00edmite de costos compartidos dentro de la red.<\/p>\n\n<\/div>\n\t<\/section>\n<\/div>\n\n\n\n<div id=\"block_5ba60e27190b28200ec0ca74ab042800\" class=\"shs-block accordion\">\n\t<h3 class=\"accordion-title\">\n\t\t<button\n\t\t\ttype=\"button\"\n\t\t\tid=\"accordion_title_69e181160d2533.52440906\"\n\t\t\tclass=\"accordion-control\" aria-expanded=\"false\"\n\t\t\taria-controls=\"accordion_panel_69e181160d2551.90392011\">\u00bfQu\u00e9 deben hacer los pagadores cuando reciben una factura por servicios fuera de la red cubiertos por la Ley Sin Sorpresas? <span class=\"iconfont-chevron-right\"><\/span><\/button>\n\t<\/h3>\n\t<section\n\t\tid=\"accordion_panel_69e181160d2551.90392011\"\n\t\tclass=\"accordion-panel\"\n\t\taria-labelledby=\"accordion_title_69e181160d2533.52440906\" style=\"height:0\">\n\t\t<div class=\"entry-content\">\n\n<p>Las aseguradoras y los planes de salud tienen 30 d\u00edas a partir de la recepci\u00f3n de una factura para pagar la tarifa fuera de la red directamente al proveedor o rechazar la reclamaci\u00f3n. La tarifa fuera de la red es la diferencia entre el monto de participaci\u00f3n en los costos del miembro y lo siguiente:<\/p>\n\n\n\n<p>Si la aseguradora\/plan de salud y el art\u00edculo o servicio fuera de la red est\u00e1n cubiertos por una ley estatal que establece la tasa de reembolso, se aplicar\u00e1 esa tasa.<\/p>\n\n\n\n<ul class=\"wp-block-list\">\n<li>Si el estado no tiene una ley aplicable, ya sea el monto acordado por las aseguradoras\/planes de salud y el proveedor o el monto establecido por el proceso independiente de resoluci\u00f3n de disputas.<\/li>\n\n\n\n<li>Si el estado tiene un Acuerdo Modelo de Todos los Pagadores, el reembolso se establece seg\u00fan ese acuerdo.<\/li>\n<\/ul>\n\n<\/div>\n\t<\/section>\n<\/div>\n\n\n\n<div id=\"block_9dcf04290e7cb12d4521f26faa2608b5\" class=\"shs-block accordion\">\n\t<h3 class=\"accordion-title\">\n\t\t<button\n\t\t\ttype=\"button\"\n\t\t\tid=\"accordion_title_69e181160d3e34.46852069\"\n\t\t\tclass=\"accordion-control\" aria-expanded=\"false\"\n\t\t\taria-controls=\"accordion_panel_69e181160d3e51.09634638\">\u00bfLa Ley Sin Sorpresas proh\u00edbe la facturaci\u00f3n de saldos? <span class=\"iconfont-chevron-right\"><\/span><\/button>\n\t<\/h3>\n\t<section\n\t\tid=\"accordion_panel_69e181160d3e51.09634638\"\n\t\tclass=\"accordion-panel\"\n\t\taria-labelledby=\"accordion_title_69e181160d3e34.46852069\" style=\"height:0\">\n\t\t<div class=\"entry-content\">\n\n<p>S\u00ed, en ciertos casos puede ser as\u00ed. Los proveedores fuera de la red tienen prohibido facturar saldos a los miembros por servicios de emergencia. Los proveedores fuera de la red en instalaciones dentro de la red tienen prohibido facturar saldos a los miembros con ciertas excepciones.<\/p>\n\n\n\n<p>Los proveedores de servicios auxiliares fuera de la red en un centro de la red tienen prohibido facturar saldos a los miembros. La Ley No Surprises define los servicios auxiliares como aquellos relacionados con la medicina de emergencia, la anestesiolog\u00eda, la patolog\u00eda, la radiolog\u00eda, la neonatolog\u00eda y el laboratorio, y en situaciones en las que un proveedor de la red no est\u00e1 disponible en el centro de la red para brindar los servicios.<\/p>\n\n\n\n<p>Un proveedor fuera de la red en un centro dentro de la red puede cobrarles a los miembros el saldo de la factura si no brinda servicios auxiliares y si notifica con anticipaci\u00f3n al miembro que el art\u00edculo o servicio cubierto est\u00e1 fuera de la red y el costo estimado. El miembro debe reconocer que recibi\u00f3 la notificaci\u00f3n.<\/p>\n\n<\/div>\n\t<\/section>\n<\/div>\n\n\n\n<div id=\"block_ff7b14f1eee0314f23f0fad0a3f322ce\" class=\"shs-block accordion\">\n\t<h3 class=\"accordion-title\">\n\t\t<button\n\t\t\ttype=\"button\"\n\t\t\tid=\"accordion_title_69e181160d6367.36083999\"\n\t\t\tclass=\"accordion-control\" aria-expanded=\"false\"\n\t\t\taria-controls=\"accordion_panel_69e181160d6385.44478529\">\u00bfC\u00f3mo funciona la disposici\u00f3n de notificaci\u00f3n de facturaci\u00f3n de saldo? <span class=\"iconfont-chevron-right\"><\/span><\/button>\n\t<\/h3>\n\t<section\n\t\tid=\"accordion_panel_69e181160d6385.44478529\"\n\t\tclass=\"accordion-panel\"\n\t\taria-labelledby=\"accordion_title_69e181160d6367.36083999\" style=\"height:0\">\n\t\t<div class=\"entry-content\">\n\n<p>Los proveedores fuera de la red que prestan servicios no complementarios en instalaciones dentro de la red deben notificar con anticipaci\u00f3n a los miembros que los servicios est\u00e1n fuera de la red y proporcionar una estimaci\u00f3n de buena fe del costo. Si el miembro programa una cita para los servicios fuera de la red con al menos 72 horas de anticipaci\u00f3n, la notificaci\u00f3n debe proporcionarse a m\u00e1s tardar 72 horas antes de la fecha del servicio. Si el miembro programa la cita dentro de las 72 horas posteriores a la fecha del servicio, la notificaci\u00f3n debe proporcionarse en la fecha del servicio.<\/p>\n\n\n\n<p>El aviso podr\u00e1 ser por escrito o electr\u00f3nico, a elecci\u00f3n del miembro. El aviso deber\u00e1 incluir la siguiente informaci\u00f3n:<\/p>\n\n\n\n<ul class=\"wp-block-list\">\n<li>Que el proveedor est\u00e1 fuera de la red.<\/li>\n\n\n\n<li>Estimaciones de buena fe del costo de cualquier art\u00edculo y servicio.<\/li>\n\n\n\n<li>El consentimiento para obtener art\u00edculos y servicios fuera de la red es voluntario.<\/li>\n\n\n\n<li>Que el miembro pueda elegir recibir los art\u00edculos o servicios de un proveedor dentro de la red.<\/li>\n\n\n\n<li>Si corresponde, identifique a los proveedores dentro de la red del centro que puedan proporcionar los art\u00edculos o servicios.<\/li>\n\n\n\n<li>Informaci\u00f3n sobre si se puede requerir autorizaci\u00f3n previa.<\/li>\n<\/ul>\n\n\n\n<p>El miembro debe firmar un reconocimiento de que recibi\u00f3 el aviso y comprende que cualquier costo compartido se aplicar\u00e1 a los l\u00edmites de deducible y costo compartido fuera de la red del miembro y que ser\u00e1 responsable de cualquier factura de saldo.<\/p>\n\n<\/div>\n\t<\/section>\n<\/div>\n\n\n\n<div id=\"block_f9f487e3a799ec9e0eacaf711c422e68\" class=\"shs-block accordion\">\n\t<h3 class=\"accordion-title\">\n\t\t<button\n\t\t\ttype=\"button\"\n\t\t\tid=\"accordion_title_69e181160d77f7.10299366\"\n\t\t\tclass=\"accordion-control\" aria-expanded=\"false\"\n\t\t\taria-controls=\"accordion_panel_69e181160d7800.58751895\">\u00bfSe aplicar\u00e1 la ley si un miembro decide utilizar un proveedor fuera de la red? <span class=\"iconfont-chevron-right\"><\/span><\/button>\n\t<\/h3>\n\t<section\n\t\tid=\"accordion_panel_69e181160d7800.58751895\"\n\t\tclass=\"accordion-panel\"\n\t\taria-labelledby=\"accordion_title_69e181160d77f7.10299366\" style=\"height:0\">\n\t\t<div class=\"entry-content\">\n\n<p>No. La Ley Sin Sorpresas no afecta las reclamaciones relacionadas con los miembros que optan por utilizar proveedores fuera de la red. La facturaci\u00f3n del saldo puede continuar con esas reclamaciones.<\/p>\n\n<\/div>\n\t<\/section>\n<\/div>\n\n\n\n<div id=\"block_4dd87c2b806c080a768b596240e157dc\" class=\"shs-block accordion\">\n\t<h3 class=\"accordion-title\">\n\t\t<button\n\t\t\ttype=\"button\"\n\t\t\tid=\"accordion_title_69e181160d8c13.72108683\"\n\t\t\tclass=\"accordion-control\" aria-expanded=\"false\"\n\t\t\taria-controls=\"accordion_panel_69e181160d8c20.24484531\">\u00bfLa Ley Federal de No Sorpresas reemplaza leyes estatales similares? <span class=\"iconfont-chevron-right\"><\/span><\/button>\n\t<\/h3>\n\t<section\n\t\tid=\"accordion_panel_69e181160d8c20.24484531\"\n\t\tclass=\"accordion-panel\"\n\t\taria-labelledby=\"accordion_title_69e181160d8c13.72108683\" style=\"height:0\">\n\t\t<div class=\"entry-content\">\n\n<p>La ley no puede sustituir las leyes estatales sobre facturaci\u00f3n sorpresa que establecen un proceso para determinar el reembolso fuera de la red por art\u00edculos y servicios cubiertos para aseguradoras sujetas a la ley del estado.<\/p>\n\n<\/div>\n\t<\/section>\n<\/div>\n\n\n\n<div id=\"block_81f49705cae80658d2c57b58cd3b0ad0\" class=\"shs-block accordion\">\n\t<h3 class=\"accordion-title\">\n\t\t<button\n\t\t\ttype=\"button\"\n\t\t\tid=\"accordion_title_69e181160dab58.48497642\"\n\t\t\tclass=\"accordion-control\" aria-expanded=\"false\"\n\t\t\taria-controls=\"accordion_panel_69e181160dab79.40165407\">\u00bfQu\u00e9 responsabilidades de las aseguradoras y los planes de salud est\u00e1n incluidas en la Ley Sin Sorpresas? <span class=\"iconfont-chevron-right\"><\/span><\/button>\n\t<\/h3>\n\t<section\n\t\tid=\"accordion_panel_69e181160dab79.40165407\"\n\t\tclass=\"accordion-panel\"\n\t\taria-labelledby=\"accordion_title_69e181160dab58.48497642\" style=\"height:0\">\n\t\t<div class=\"entry-content\">\n\n<p>La aseguradora y el plan de salud tienen ciertas responsabilidades si un miembro recibe un aviso fuera de la red de un proveedor antes del servicio, que incluyen:<\/p>\n\n\n\n<ul class=\"wp-block-list\">\n<li>Incluya los deducibles dentro y fuera de la red y el m\u00e1ximo de desembolso personal dentro y fuera de la red en la tarjeta de identificaci\u00f3n.<\/li>\n\n\n\n<li>Cuente todos los costos compartidos para el deducible del plan y el m\u00e1ximo de desembolso personal, a menos que el miembro haya aceptado recibir atenci\u00f3n fuera de la red.<\/li>\n\n\n\n<li>Limite el costo compartido de los miembros al nivel de costo compartido de la red del plan.<\/li>\n\n\n\n<li>Proporcionar una estimaci\u00f3n del costo de la atenci\u00f3n y el costo compartido del miembro si este decide salir de la red.<\/li>\n\n\n\n<li>Proporcionar informaci\u00f3n a los miembros sobre c\u00f3mo recibir los art\u00edculos y servicios dentro de la red.<\/li>\n<\/ul>\n\n<\/div>\n\t<\/section>\n<\/div>\n\n\n\n<div id=\"block_87e95a52ec211098e88c0275991b24e5\" class=\"shs-block accordion\">\n\t<h3 class=\"accordion-title\">\n\t\t<button\n\t\t\ttype=\"button\"\n\t\t\tid=\"accordion_title_69e181160dc457.51421351\"\n\t\t\tclass=\"accordion-control\" aria-expanded=\"false\"\n\t\t\taria-controls=\"accordion_panel_69e181160dc472.51250559\">\u00bfCu\u00e1ndo recibir\u00e1n las aseguradoras y los planes de salud m\u00e1s informaci\u00f3n para ayudarles a implementar la Ley Sin Sorpresas? <span class=\"iconfont-chevron-right\"><\/span><\/button>\n\t<\/h3>\n\t<section\n\t\tid=\"accordion_panel_69e181160dc472.51250559\"\n\t\tclass=\"accordion-panel\"\n\t\taria-labelledby=\"accordion_title_69e181160dc457.51421351\" style=\"height:0\">\n\t\t<div class=\"entry-content\">\n\n<p>Los Departamentos de Salud y Servicios Humanos, Trabajo y el Tesoro aclarar\u00e1n ciertas disposiciones de la Ley Sin Sorpresas a trav\u00e9s de la reglamentaci\u00f3n.<\/p>\n\n<\/div>\n\t<\/section>\n<\/div>\n\n<\/div>\n\t<\/section>\n\n\n\n<section id=\"block_fdf0bb8a9b85155e6cbe48792d6a3d4f\" class=\"shs-block block-section grid-container has-blue-light-background-color\" >\n\t\t<div class=\"entry-content\">\n\n<h2 class=\"wp-block-heading\">Archivos legibles por m\u00e1quina y transparencia en la cobertura<\/h2>\n\n\n\n<p>La \u201cNorma de Transparencia en la Cobertura\u201d federal est\u00e1 estrechamente relacionada con la Ley de No Sorpresas. Ambas son regulaciones federales destinadas a aumentar la transparencia de los precios en la atenci\u00f3n m\u00e9dica.<\/p>\n\n\n\n<p>La norma exige que las aseguradoras de salud y los planes de salud grupales divulguen p\u00fablicamente informaci\u00f3n detallada sobre precios en archivos legibles por m\u00e1quina (MRF, por sus siglas en ingl\u00e9s) en sus sitios web. Estos archivos no est\u00e1n destinados al p\u00fablico. Contienen conjuntos de datos extremadamente grandes que no son f\u00e1ciles de leer o acceder. Son un primer paso necesario hacia el objetivo a largo plazo de transparencia de precios. Actualmente, el acceso a MFR est\u00e1 destinado a que los reguladores y los desarrolladores de aplicaciones analicen y creen herramientas en l\u00ednea que proporcionen un acceso p\u00fablico f\u00e1cil a la informaci\u00f3n sobre precios.<\/p>\n\n\n\n<div class=\"wp-block-buttons is-layout-flex wp-block-buttons-is-layout-flex\">\n<div class=\"wp-block-button\"><a class=\"wp-block-button__link wp-element-button\" href=\"http:\/\/produsw2netwsa1.z5.web.core.windows.net\/\" target=\"_blank\" rel=\"noreferrer noopener\">Acceder a archivos legibles por m\u00e1quina<\/a><\/div>\n<\/div>\n\n<\/div>\n\t<\/section>","protected":false},"excerpt":{"rendered":"<p>Conozca c\u00f3mo la ley protege a los pacientes de recibir facturas m\u00e9dicas sorpresa cuando reciben ciertos servicios de una variedad de proveedores fuera de la red.<\/p>","protected":false},"author":11,"featured_media":0,"parent":10,"menu_order":12,"comment_status":"closed","ping_status":"closed","template":"","meta":{"_acf_changed":false,"_searchwp_excluded":"","_shs_workflow_notes":"Machine Readable Files Section (bottom of page) is set  to go live on 1\/22\/2025.","_shs_exclude_from_navigation":true,"_shs_promote_article_on_blogs":"","footnotes":""},"class_list":["post-457","page","type-page","status-publish","hentry"],"acf":[],"_links":{"self":[{"href":"https:\/\/samhealthplans.org\/es\/wp-json\/wp\/v2\/pages\/457","targetHints":{"allow":["GET"]}}],"collection":[{"href":"https:\/\/samhealthplans.org\/es\/wp-json\/wp\/v2\/pages"}],"about":[{"href":"https:\/\/samhealthplans.org\/es\/wp-json\/wp\/v2\/types\/page"}],"author":[{"embeddable":true,"href":"https:\/\/samhealthplans.org\/es\/wp-json\/wp\/v2\/users\/11"}],"replies":[{"embeddable":true,"href":"https:\/\/samhealthplans.org\/es\/wp-json\/wp\/v2\/comments?post=457"}],"version-history":[{"count":0,"href":"https:\/\/samhealthplans.org\/es\/wp-json\/wp\/v2\/pages\/457\/revisions"}],"up":[{"embeddable":true,"href":"https:\/\/samhealthplans.org\/es\/wp-json\/wp\/v2\/pages\/10"}],"wp:attachment":[{"href":"https:\/\/samhealthplans.org\/es\/wp-json\/wp\/v2\/media?parent=457"}],"curies":[{"name":"Gracias","href":"https:\/\/api.w.org\/{rel}","templated":true}]}}