{"id":8244,"date":"2024-02-23T11:10:04","date_gmt":"2024-02-23T19:10:04","guid":{"rendered":"https:\/\/samhealthplans.org\/?page_id=8244"},"modified":"2025-11-10T14:53:08","modified_gmt":"2025-11-10T22:53:08","slug":"telesalud","status":"publish","type":"page","link":"https:\/\/samhealthplans.org\/es\/plan-members\/telehealth\/","title":{"rendered":"Telesalud"},"content":{"rendered":"<section id=\"block_463e51fc93a7d66bf207848cd235aba1\" class=\"shs-block block-section grid-container has-gray-warm-background-color\" >\n\t\t<div class=\"entry-content\">\n\n<h1 class=\"wp-block-heading\" id=\"h-telehealth-virtual-health-care\">Telesalud, atenci\u00f3n m\u00e9dica virtual<\/h1>\n\n<\/div>\n\t<\/section>\n\n\n\n<section id=\"block_88ae3ce5d2652b771a86136ebe9a69b2\" class=\"shs-block block-section grid-container has-white-background-color\" >\n\t\t<div class=\"entry-content\">\n\n<h2 class=\"wp-block-heading\" id=\"h-teladoc-is-our-telehealth-provider\"><strong>Teladoc es nuestro proveedor de telesalud<\/strong><\/h2>\n\n\n\n<p>Teladoc es un proveedor de telesalud disponible todos los d\u00edas del a\u00f1o, las 24 horas del d\u00eda. Est\u00e1 disponible para miembros de Samaritan Health Plans e IHN-CCO. Brinda atenci\u00f3n m\u00e9dica de calidad a pedido, que incluye visitas por video, desde un sitio web o una aplicaci\u00f3n m\u00f3vil, as\u00ed como visitas por tel\u00e9fono.<\/p>\n\n\n\n<p>Teladoc ofrece una opci\u00f3n de telesalud para que los miembros reciban atenci\u00f3n m\u00e1s inmediata cuando se encuentran fuera de la ciudad o cuando su proveedor de atenci\u00f3n primaria no est\u00e1 disponible para una cita programada. No hay copagos ni costos de bolsillo para las visitas a Teladoc.<\/p>\n\n\n\n<p>Los proveedores de Teladoc pueden diagnosticar, tratar y recetar medicamentos para afecciones que no son de emergencia. Algunos problemas m\u00e9dicos que pueden tratar son:<\/p>\n\n\n\n<ul class=\"wp-block-list\">\n<li>S\u00edntomas de gripe y resfriado.<\/li>\n\n\n\n<li>Alergias.<\/li>\n\n\n\n<li>Ojo rosado.<\/li>\n\n\n\n<li>Infecci\u00f3n de o\u00eddo.<\/li>\n\n\n\n<li>Infecci\u00f3n respiratoria.<\/li>\n\n\n\n<li>Problemas de los senos nasales.<\/li>\n\n\n\n<li>Problemas de la piel.<\/li>\n\n\n\n<li>\u00a1Y m\u00e1s!<\/li>\n<\/ul>\n\n\n\n<div class=\"wp-block-buttons is-layout-flex wp-block-buttons-is-layout-flex\">\n<div class=\"wp-block-button\"><a class=\"wp-block-button__link wp-element-button\" href=\"https:\/\/samhealthplans.org\/wp-content\/uploads\/sites\/3\/Teledoc-Fact-Sheet.pdf\" target=\"_blank\" rel=\"noreferrer noopener\">Obtenga m\u00e1s informaci\u00f3n sobre Teladoc<\/a><\/div>\n<\/div>\n\n<\/div>\n\t<\/section>\n\n\n\n<section id=\"block_e02aea5eda8dfc027cc93f86b730ef6b\" class=\"shs-block block-section grid-container has-gold-background-color\" >\n\t\t<div class=\"entry-content\">\n\n<h2 class=\"wp-block-heading\" id=\"h-set-up-your-teladoc-account\"><strong>Configurar su cuenta de Teladoc<\/strong><\/h2>\n\n\n\n<p>Ir a <strong><a href=\"https:\/\/www.teladoc.com\/\" target=\"_blank\" rel=\"noreferrer noopener\">teladoc.com<\/a><\/strong>Los usuarios que utilicen el servicio por primera vez deber\u00e1n crear una cuenta. Siga las instrucciones paso a paso que aparecen en el sitio web. Tambi\u00e9n puede llamar a Teladoc al <strong>800-TELADOC<\/strong> (<strong><a href=\"tel:800-835-2362\">800-835-2362<\/a><\/strong>), (TTY <strong><a href=\"tel:855-636-1578\">855-636-1578<\/a><\/strong>).<\/p>\n\n<\/div>\n\t<\/section>","protected":false},"excerpt":{"rendered":"<p>Teladoc brinda a los miembros de Samaritan Health Plan e IHN-CCO atenci\u00f3n m\u00e9dica de calidad, incluidas visitas por video, utilizando su computadora hogare\u00f1a o aplicaci\u00f3n m\u00f3vil, las 24 horas del d\u00eda, todos los d\u00edas del a\u00f1o.<\/p>","protected":false},"author":18,"featured_media":0,"parent":10,"menu_order":6,"comment_status":"closed","ping_status":"closed","template":"","meta":{"_acf_changed":false,"_searchwp_excluded":"","_shs_workflow_notes":"","_shs_exclude_from_navigation":true,"_shs_promote_article_on_blogs":"","footnotes":""},"class_list":["post-8244","page","type-page","status-publish","hentry"],"acf":[],"_links":{"self":[{"href":"https:\/\/samhealthplans.org\/es\/wp-json\/wp\/v2\/pages\/8244","targetHints":{"allow":["GET"]}}],"collection":[{"href":"https:\/\/samhealthplans.org\/es\/wp-json\/wp\/v2\/pages"}],"about":[{"href":"https:\/\/samhealthplans.org\/es\/wp-json\/wp\/v2\/types\/page"}],"author":[{"embeddable":true,"href":"https:\/\/samhealthplans.org\/es\/wp-json\/wp\/v2\/users\/18"}],"replies":[{"embeddable":true,"href":"https:\/\/samhealthplans.org\/es\/wp-json\/wp\/v2\/comments?post=8244"}],"version-history":[{"count":0,"href":"https:\/\/samhealthplans.org\/es\/wp-json\/wp\/v2\/pages\/8244\/revisions"}],"up":[{"embeddable":true,"href":"https:\/\/samhealthplans.org\/es\/wp-json\/wp\/v2\/pages\/10"}],"wp:attachment":[{"href":"https:\/\/samhealthplans.org\/es\/wp-json\/wp\/v2\/media?parent=8244"}],"curies":[{"name":"Gracias","href":"https:\/\/api.w.org\/{rel}","templated":true}]}}