{"id":8912,"date":"2024-03-28T14:28:20","date_gmt":"2024-03-28T21:28:20","guid":{"rendered":"https:\/\/samhealthplans.org\/?page_id=8912"},"modified":"2024-11-15T14:31:53","modified_gmt":"2024-11-15T22:31:53","slug":"directorio-de-proveedores-de-consejos-de-navegacion","status":"publish","type":"page","link":"https:\/\/samhealthplans.org\/es\/find-a-provider\/navigation-tips-provider-directory\/","title":{"rendered":"Consejos de navegaci\u00f3n \u2013 Directorio de proveedores"},"content":{"rendered":"<section id=\"block_c62386a933465317421a0119e1a6b2ca\" class=\"shs-block block-section grid-container has-blue-light-background-color\" >\n\t\t<div class=\"entry-content\">\n\n<h1 class=\"wp-block-heading\" id=\"h-navigate-the-provider-directory\">Navegar por el directorio de proveedores<\/h1>\n\n<\/div>\n\t<\/section>\n\n\n\n<section id=\"block_a0bd009549d9190bcbe01f943a1918cd\" class=\"shs-block block-section grid-container has-white-background-color\" >\n\t\t<div class=\"entry-content\">\n\n<h2 class=\"wp-block-heading\" id=\"h-first-time-using-the-new-provider-directory-we-re-here-to-help\">\u00bfEs la primera vez que utiliza el nuevo directorio de proveedores? \u00a1Estamos aqu\u00ed para ayudar!<\/h2>\n\n\n\n<p>Hemos preparado las instrucciones a continuaci\u00f3n para ayudarlo a navegar por nuestro nuevo directorio de proveedores. Si tiene m\u00e1s preguntas, comun\u00edquese con el Servicio de atenci\u00f3n al cliente al <a href=\"tel:541-768-4550\">541-768-4550<\/a>, o llame gratis al <a href=\"tel:800-832-4580\">800-832-4580<\/a> o <a href=\"mailto:healthplanresponse@samhealth.org\" target=\"_blank\" rel=\"noreferrer noopener\">Env\u00edanos un correo electr\u00f3nico<\/a>.<\/p>\n\n\n\n<div id=\"block_5e3d68a62b2bd7b19db4905e5148aa4b\" class=\"shs-block accordion\">\n\t<h3 class=\"accordion-title\">\n\t\t<button\n\t\t\ttype=\"button\"\n\t\t\tid=\"accordion_title_69df5396d60466.46194478\"\n\t\t\tclass=\"accordion-control\" aria-expanded=\"false\"\n\t\t\taria-controls=\"accordion_panel_69df5396d604d3.36094875\">Primeros pasos: listos, preparados, \u00a1ya! <span class=\"iconfont-chevron-right\"><\/span><\/button>\n\t<\/h3>\n\t<section\n\t\tid=\"accordion_panel_69df5396d604d3.36094875\"\n\t\tclass=\"accordion-panel\"\n\t\taria-labelledby=\"accordion_title_69df5396d60466.46194478\" style=\"height:0\">\n\t\t<div class=\"entry-content\">\n\n<h3 class=\"wp-block-heading\" id=\"h-ready-selecting-your-plan\"><strong>Listo <\/strong>\u2013 Seleccionar su plan<\/h3>\n\n\n\n<p>Cuando acceda al directorio, ver\u00e1 nuestros cuatro planes en el men\u00fa superior. El bot\u00f3n correspondiente a su plan estar\u00e1 preseleccionado. La b\u00fasqueda dentro de su plan es el primer paso importante para encontrar los proveedores cubiertos por su plan.  <\/p>\n\n\n\n<p><small>En este ejemplo, se selecciona Samaritan Advantage (indicado por el bot\u00f3n colorido).<\/small> <\/p>\n\n\n\n<figure class=\"wp-block-image size-full\"><img loading=\"lazy\" decoding=\"async\" width=\"1312\" height=\"195\" src=\"https:\/\/samhealthplans.org\/wp-content\/uploads\/sites\/3\/provider-directory-tips-select-plan.jpg\" alt=\"Una imagen que muestra los botones para seleccionar uno de los cuatro planes de salud principales: Samaritan Advantage, IHN-CCO, Employer Group Plans y Choice.\" class=\"wp-image-8964\" srcset=\"https:\/\/samhealthplans.org\/wp-content\/uploads\/sites\/3\/provider-directory-tips-select-plan.jpg 1312w, https:\/\/samhealthplans.org\/wp-content\/uploads\/sites\/3\/provider-directory-tips-select-plan-300x45.jpg 300w, https:\/\/samhealthplans.org\/wp-content\/uploads\/sites\/3\/provider-directory-tips-select-plan-1024x152.jpg 1024w, https:\/\/samhealthplans.org\/wp-content\/uploads\/sites\/3\/provider-directory-tips-select-plan-768x114.jpg 768w, https:\/\/samhealthplans.org\/wp-content\/uploads\/sites\/3\/provider-directory-tips-select-plan-250x37.jpg 250w\" sizes=\"auto, (max-width: 1312px) 100vw, 1312px\" \/><\/figure>\n\n\n\n<h3 class=\"wp-block-heading\" id=\"h-set-choose-your-filter-options\"><strong>Colocar - <\/strong>Elija sus opciones de filtro<\/h3>\n\n\n\n<p>A continuaci\u00f3n, el Directorio de proveedores ofrece <strong>tres filtros principales<\/strong> Para ayudarle a limitar su b\u00fasqueda y encontrar un m\u00e9dico u otro tipo de proveedor dentro de su red:<\/p>\n\n\n\n<ul class=\"wp-block-list\">\n<li>El primer filtro ayuda a definir \u201c<strong>Qu\u00e9<\/strong> <strong>amable<\/strong>&quot; de atenci\u00f3n que necesita. Por ejemplo, \u00bfest\u00e1 buscando un proveedor de atenci\u00f3n primaria? \u00bfO necesita servicios de laboratorio o de diagn\u00f3stico por im\u00e1genes, o un proveedor de equipos m\u00e9dicos duraderos (DME)?<\/li>\n\n\n\n<li>El segundo filtro limita su b\u00fasqueda a \u201c<strong>D\u00f3nde<\/strong>&quot;Preferir\u00eda recibir atenci\u00f3n. Puede seleccionar su ciudad de origen o, en el caso de atenci\u00f3n especializada, es posible que deba elegir una ciudad m\u00e1s grande cercana.<\/li>\n\n\n\n<li>El tercer filtro puede personalizar su b\u00fasqueda con detalles a\u00fan m\u00e1s espec\u00edficos para &quot;<strong>OMS<\/strong>&quot; que le gustar\u00eda ver. Por ejemplo, puede buscar un proveedor que hable su idioma o seleccionar otras opciones de filtro.<\/li>\n<\/ul>\n\n\n\n<p>Los tres filtros se pueden utilizar juntos o es posible que solo necesite un filtro para encontrar un proveedor. <\/p>\n\n\n\n<figure class=\"wp-block-image size-full\"><img loading=\"lazy\" decoding=\"async\" width=\"1189\" height=\"373\" src=\"https:\/\/samhealthplans.org\/wp-content\/uploads\/sites\/3\/provider-directory-tips-three-filters.jpg\" alt=\"Una imagen que muestra los tres tipos de filtros en el directorio de proveedores.\" class=\"wp-image-8932\" srcset=\"https:\/\/samhealthplans.org\/wp-content\/uploads\/sites\/3\/provider-directory-tips-three-filters.jpg 1189w, https:\/\/samhealthplans.org\/wp-content\/uploads\/sites\/3\/provider-directory-tips-three-filters-300x94.jpg 300w, https:\/\/samhealthplans.org\/wp-content\/uploads\/sites\/3\/provider-directory-tips-three-filters-1024x321.jpg 1024w, https:\/\/samhealthplans.org\/wp-content\/uploads\/sites\/3\/provider-directory-tips-three-filters-768x241.jpg 768w, https:\/\/samhealthplans.org\/wp-content\/uploads\/sites\/3\/provider-directory-tips-three-filters-250x78.jpg 250w\" sizes=\"auto, (max-width: 1189px) 100vw, 1189px\" \/><\/figure>\n\n\n\n<p>&nbsp;<\/p>\n\n\n\n<h3 class=\"wp-block-heading\" id=\"h-go-run-your-search\"><strong>\u00a1Ir!<\/strong> \u2013 Ejecuta tu b\u00fasqueda<\/h3>\n\n\n\n<figure class=\"wp-block-image alignright size-full is-resized\"><img loading=\"lazy\" decoding=\"async\" width=\"255\" height=\"82\" src=\"https:\/\/samhealthplans.org\/wp-content\/uploads\/sites\/3\/provider-directory-tips-clear-search.jpg\" alt=\"Una imagen que muestra las funciones claras y de b\u00fasqueda que ahora se incluyen en el directorio de proveedores de planes de salud.\" class=\"wp-image-9024\" style=\"object-fit:cover;width:167px;height:auto\" srcset=\"https:\/\/samhealthplans.org\/wp-content\/uploads\/sites\/3\/provider-directory-tips-clear-search.jpg 255w, https:\/\/samhealthplans.org\/wp-content\/uploads\/sites\/3\/provider-directory-tips-clear-search-250x80.jpg 250w\" sizes=\"auto, (max-width: 255px) 100vw, 255px\" \/><\/figure>\n\n\n\n<p>Cuando est\u00e9 listo para realizar una b\u00fasqueda, puede hacer clic en el bot\u00f3n &quot;Buscar ahora&quot; dentro de los filtros o usar el bot\u00f3n verde &quot;Proveedores de b\u00fasqueda&quot; debajo de los filtros principales. O puede optar por borrar los filtros y comenzar de nuevo. Cuando se muestren los resultados, tambi\u00e9n puede modificar su b\u00fasqueda.<\/p>\n\n\n\n<figure class=\"wp-block-image aligncenter size-full\"><img loading=\"lazy\" decoding=\"async\" width=\"680\" height=\"182\" src=\"https:\/\/samhealthplans.org\/wp-content\/uploads\/sites\/3\/provider-directory-tips-search-or-start-over.jpg\" alt=\"Una imagen que muestra los botones para borrar su b\u00fasqueda y comenzar de nuevo o un bot\u00f3n verde para ejecutar su b\u00fasqueda.\" class=\"wp-image-8965\" srcset=\"https:\/\/samhealthplans.org\/wp-content\/uploads\/sites\/3\/provider-directory-tips-search-or-start-over.jpg 680w, https:\/\/samhealthplans.org\/wp-content\/uploads\/sites\/3\/provider-directory-tips-search-or-start-over-300x80.jpg 300w, https:\/\/samhealthplans.org\/wp-content\/uploads\/sites\/3\/provider-directory-tips-search-or-start-over-250x67.jpg 250w\" sizes=\"auto, (max-width: 680px) 100vw, 680px\" \/><\/figure>\n\n\n\n<p><strong>Esperamos que estos primeros pasos le ayuden a empezar. Si tiene m\u00e1s preguntas, consulte las preguntas y respuestas adicionales a continuaci\u00f3n o llame o <strong><a href=\"mailto:healthplanresponse@samhealth.org\" target=\"_blank\" rel=\"noreferrer noopener\">correo electr\u00f3nico<\/a><\/strong><\/strong> <strong>Servicio de atenci\u00f3n al cliente en <a href=\"tel:541-768-4550\">541-768-4550<\/a>, sin costo al <a href=\"tel:800-832-4580\">800-832-4580<\/a>.<\/strong><\/p>\n\n\n\n<p>&nbsp;<\/p>\n\n<\/div>\n\t<\/section>\n<\/div>\n\n\n\n<div id=\"block_ec76ec10f7ffb68f71bcad60e06e3863\" class=\"shs-block accordion\">\n\t<h3 class=\"accordion-title\">\n\t\t<button\n\t\t\ttype=\"button\"\n\t\t\tid=\"accordion_title_69df5396d67b91.83207066\"\n\t\t\tclass=\"accordion-control\" aria-expanded=\"false\"\n\t\t\taria-controls=\"accordion_panel_69df5396d67bd6.69054562\">Comprenda a los proveedores y los \u201ctipos de proveedores\u201d  <span class=\"iconfont-chevron-right\"><\/span><\/button>\n\t<\/h3>\n\t<section\n\t\tid=\"accordion_panel_69df5396d67bd6.69054562\"\n\t\tclass=\"accordion-panel\"\n\t\taria-labelledby=\"accordion_title_69df5396d67b91.83207066\" style=\"height:0\">\n\t\t<div class=\"entry-content\">\n\n<h4 class=\"wp-block-heading\" id=\"h-what-is-a-provider\">\u00bfQu\u00e9 es un proveedor?<\/h4>\n\n\n\n<p>A &quot;<strong>proveedor<\/strong>\u201d puede referirse a un m\u00e9dico, a un establecimiento que presta servicios (como una cl\u00ednica, un laboratorio o un hospital) o a un proveedor de productos o equipos m\u00e9dicos.<\/p>\n\n\n\n<p>El primer filtro del directorio puede ayudarte a encontrar un tipo de proveedor. Si eliges primero uno de los botones de colores, tus opciones en el siguiente campo se reducir\u00e1n, lo que te permitir\u00e1 encontrar lo que buscas con mayor facilidad.<\/p>\n\n\n\n<p><small>En el primer filtro a continuaci\u00f3n, al seleccionar el bot\u00f3n Atenci\u00f3n primaria, se limitan las opciones en el siguiente campo a cuatro tipos de proveedores de atenci\u00f3n primaria.<\/small><\/p>\n\n\n\n<figure class=\"wp-block-image size-full\"><img loading=\"lazy\" decoding=\"async\" width=\"1132\" height=\"359\" src=\"https:\/\/samhealthplans.org\/wp-content\/uploads\/sites\/3\/provider-directory-tips-selecting-provider.jpg\" alt=\"Una imagen que muestra c\u00f3mo seleccionar su tipo de proveedor en el directorio de b\u00fasqueda de proveedores.\" class=\"wp-image-8931\" srcset=\"https:\/\/samhealthplans.org\/wp-content\/uploads\/sites\/3\/provider-directory-tips-selecting-provider.jpg 1132w, https:\/\/samhealthplans.org\/wp-content\/uploads\/sites\/3\/provider-directory-tips-selecting-provider-300x95.jpg 300w, https:\/\/samhealthplans.org\/wp-content\/uploads\/sites\/3\/provider-directory-tips-selecting-provider-1024x325.jpg 1024w, https:\/\/samhealthplans.org\/wp-content\/uploads\/sites\/3\/provider-directory-tips-selecting-provider-768x244.jpg 768w, https:\/\/samhealthplans.org\/wp-content\/uploads\/sites\/3\/provider-directory-tips-selecting-provider-250x79.jpg 250w\" sizes=\"auto, (max-width: 1132px) 100vw, 1132px\" \/><\/figure>\n\n\n\n<h4 class=\"wp-block-heading\" id=\"h-what-is-a-pcp\">\u00bfQu\u00e9 es un PCP?<\/h4>\n\n\n\n<p>Un m\u00e9dico de atenci\u00f3n primaria (PCP) es su principal proveedor de atenci\u00f3n m\u00e9dica en situaciones que no son de emergencia. Puede brindarle gran parte de su atenci\u00f3n y derivarlo a especialistas cuando surja la necesidad.<\/p>\n\n\n\n<h4 class=\"wp-block-heading\" id=\"h-what-is-a-dme\">\u00bfQu\u00e9 es un DME?<\/h4>\n\n\n\n<p>Un proveedor de equipo m\u00e9dico duradero (DME) puede suministrar equipo m\u00e9dico que cumpla con criterios espec\u00edficos para respaldar su bienestar. Puede obtener m\u00e1s informaci\u00f3n sobre la cobertura de DME para pacientes de Medicare visitando <a href=\"https:\/\/www.medicare.gov\/coverage\/durable-medical-equipment-dme-coverage\" target=\"_blank\" rel=\"noreferrer noopener\">Medicare.gov<\/a>.<\/p>\n\n\n\n<h4 class=\"wp-block-heading\" id=\"h-what-is-behavioral-health\">\u00bfQu\u00e9 es la salud conductual?<\/h4>\n\n\n\n<p>La salud conductual aborda las \u201cemociones y conductas que afectan el bienestar general\u201d. Los proveedores de salud conductual ofrecen tratamiento para los aspectos conductuales y emocionales de la salud de una persona.<\/p>\n\n\n\n<h4 class=\"wp-block-heading\" id=\"h-how-do-i-find-a-dentist-ihn-cco-members\">\u00bfC\u00f3mo encuentro un dentista? (Miembros de IHN-CCO)<\/h4>\n\n\n\n<p>Los miembros de IHN-CCO ahora pueden encontrar dentistas dentro de la red seleccionando el bot\u00f3n &quot;Dentista&quot; para filtrar sus opciones de b\u00fasqueda. Los resultados de la b\u00fasqueda se pueden refinar a\u00fan m\u00e1s utilizando los tres botones &quot;<strong>Qu\u00e9,<\/strong>&quot; &quot;<strong>D\u00f3nde,<\/strong>&quot; y &quot;<strong>OMS<\/strong>&quot; filtros de b\u00fasqueda.<\/p>\n\n\n\n<h4 class=\"wp-block-heading\" id=\"h-how-do-i-find-a-pharmacy-ihn-cco-members\">\u00bfC\u00f3mo encuentro una farmacia? (Miembros de IHN-CCO)<\/h4>\n\n\n\n<p>Los miembros de IHN-CCO pueden encontrar una farmacia dentro de la red seleccionando el bot\u00f3n \u201cFarmacia\u201d para filtrar sus opciones de b\u00fasqueda. Los resultados de la b\u00fasqueda se pueden refinar a\u00fan m\u00e1s utilizando los tres botones \u201c<strong>Qu\u00e9,<\/strong>&quot; &quot;<strong>D\u00f3nde,<\/strong>&quot; y &quot;<strong>OMS<\/strong>&quot; filtros de b\u00fasqueda.<\/p>\n\n\n\n<p>&nbsp;<\/p>\n\n<\/div>\n\t<\/section>\n<\/div>\n\n\n\n<div id=\"block_e6d114a3b313a1b67e4aac11f04da5e5\" class=\"shs-block accordion\">\n\t<h3 class=\"accordion-title\">\n\t\t<button\n\t\t\ttype=\"button\"\n\t\t\tid=\"accordion_title_69df5396d6c6f2.23578977\"\n\t\t\tclass=\"accordion-control\" aria-expanded=\"false\"\n\t\t\taria-controls=\"accordion_panel_69df5396d6c740.53381019\">Comprenda los resultados de su b\u00fasqueda y obtenga m\u00e1s consejos <span class=\"iconfont-chevron-right\"><\/span><\/button>\n\t<\/h3>\n\t<section\n\t\tid=\"accordion_panel_69df5396d6c740.53381019\"\n\t\tclass=\"accordion-panel\"\n\t\taria-labelledby=\"accordion_title_69df5396d6c6f2.23578977\" style=\"height:0\">\n\t\t<div class=\"entry-content\">\n\n<h4 class=\"wp-block-heading\" id=\"h-find-more-tips-for-navigating-the-directory\">Encuentre m\u00e1s consejos para navegar por el directorio<\/h4>\n\n\n\n<p>Ver una descripci\u00f3n detallada <a href=\"https:\/\/samhealthplans.org\/wp-content\/uploads\/sites\/3\/Provider-Directory-User-Guide.pdf\" target=\"_blank\" rel=\"noreferrer noopener\">Gu\u00eda del usuario (English)<\/a> para el Directorio de Proveedores Samaritan Health Plans.<\/p>\n\n\n\n<h4 class=\"wp-block-heading\" id=\"h-how-often-is-the-directory-updated\">\u00bfCon qu\u00e9 frecuencia se actualiza el directorio?<\/h4>\n\n\n\n<p>La informaci\u00f3n de proveedores contenida en este directorio en l\u00ednea se actualiza al cierre de cada d\u00eda h\u00e1bil, excluyendo interrupciones en el mantenimiento del sistema, actualizaciones o cortes no planificados.<\/p>\n\n\n\n<h4 class=\"wp-block-heading\" id=\"h-what-does-it-mean-when-a-provider-or-location-offers-auxiliary-aids\">\u00bfQu\u00e9 significa cuando un proveedor o ubicaci\u00f3n ofrece ayudas auxiliares?<\/h4>\n\n\n\n<p>Los dispositivos auxiliares son herramientas que se utilizan para la comunicaci\u00f3n con el fin de ayudar a las personas con discapacidades sensoriales. Algunos ejemplos comunes de dispositivos auxiliares son los servicios de interpretaci\u00f3n, los dispositivos de ayuda auditiva o las pantallas de videotexto. Comun\u00edquese con el consultorio para obtener m\u00e1s informaci\u00f3n sobre la disponibilidad de dispositivos auxiliares.<\/p>\n\n\n\n<h4 class=\"wp-block-heading\" id=\"h-what-does-gold-tier-mean-samaritan-advantage-members\">\u00bfQu\u00e9 significa \u201cnivel Gold\u201d? (Miembros de Samaritan Advantage)<\/h4>\n\n\n\n<p>Los planes Samaritan Advantage Premier y Samaritan Advantage Valor ofrecen beneficios de nivel Gold para algunos servicios. Consulte la tabla de beneficios en el Cap\u00edtulo 4 de su Evidencia de cobertura para obtener m\u00e1s informaci\u00f3n. Todos los proveedores del directorio de Samaritan Advantage que no est\u00e9n etiquetados como nivel Gold son proveedores de nivel Silver. Esto no se aplica a otros planes Samaritan Advantage ni a los planes IHN, Employer Group o Choice.<\/p>\n\n\n\n<p>&nbsp;<\/p>\n\n<\/div>\n\t<\/section>\n<\/div>\n\n\n\n<div id=\"block_e093f21f836903a542f4db23b6aada65\" class=\"shs-block accordion\">\n\t<h3 class=\"accordion-title\">\n\t\t<button\n\t\t\ttype=\"button\"\n\t\t\tid=\"accordion_title_69df5396d71889.05370386\"\n\t\t\tclass=\"accordion-control\" aria-expanded=\"false\"\n\t\t\taria-controls=\"accordion_panel_69df5396d718d7.61702731\">Comprender los planes y las redes <span class=\"iconfont-chevron-right\"><\/span><\/button>\n\t<\/h3>\n\t<section\n\t\tid=\"accordion_panel_69df5396d718d7.61702731\"\n\t\tclass=\"accordion-panel\"\n\t\taria-labelledby=\"accordion_title_69df5396d71889.05370386\" style=\"height:0\">\n\t\t<div class=\"entry-content\">\n\n<h4 class=\"wp-block-heading\" id=\"h-how-do-i-know-what-plan-or-network-i-belong-to\">\u00bfC\u00f3mo s\u00e9 a qu\u00e9 plan o red pertenezco?<\/h4>\n\n\n\n<p>Su tarjeta de identificaci\u00f3n de seguro le indicar\u00e1 de qu\u00e9 plan forma parte. El plan del que forma parte se encuentra en la parte superior derecha de la tarjeta de identificaci\u00f3n de la mayor\u00eda de los miembros. Los miembros que tengan \u201cEPO\u201d o \u201cPPO\u201d en el t\u00edtulo (excepto los miembros de Choice) encontrar\u00e1n a sus proveedores buscando en el directorio de grupos de empleadores.<\/p>\n\n\n\n<h4 class=\"wp-block-heading\" id=\"h-what-if-my-doctor-says-they-re-in-network-but-i-can-t-find-them-in-the-directory\">\u00bfQu\u00e9 pasa si mi m\u00e9dico dice que est\u00e1 dentro de la red, pero no puedo encontrarlo en el directorio?<\/h4>\n\n\n\n<p>Si su proveedor dice que est\u00e1 en nuestra red, pero no lo ve en el directorio, llame a nuestro equipo de Servicio al Cliente al <a href=\"tel:541-768-4550\">541-768-4550<\/a> o <a href=\"mailto:healthplanresponse@samhealth.org\">Env\u00edanos un correo electr\u00f3nico<\/a>.<\/p>\n\n\n\n<h4 class=\"wp-block-heading\" id=\"h-what-if-there-are-no-search-results-for-the-provider-specialty-i-selected\">\u00bfQu\u00e9 pasa si no hay resultados de b\u00fasqueda para la especialidad del proveedor que seleccion\u00e9?<\/h4>\n\n\n\n<p>Si seleccion\u00f3 una especialidad espec\u00edfica y no encuentra un proveedor con esa especialidad, pruebe una especialidad alternativa relacionada. Si ya lo intent\u00f3 y a\u00fan no encuentra un proveedor, llame a nuestro equipo de Servicio al Cliente al <a href=\"tel:541-768-4550\">541-768-4550<\/a> o <a href=\"mailto:healthplanresponse@samhealth.org\" target=\"_blank\" rel=\"noreferrer noopener\">Env\u00edanos un correo electr\u00f3nico<\/a>.<\/p>\n\n\n\n<h4 class=\"wp-block-heading\" id=\"h-where-can-i-find-plan-information-in-my-native-language\">\u00bfD\u00f3nde puedo encontrar informaci\u00f3n del plan en mi idioma nativo?<\/h4>\n\n\n\n<p>Nos enorgullece ofrecer nuestro directorio en cinco idiomas, entre ellos ingl\u00e9s, espa\u00f1ol, chino mandar\u00edn, ruso y vietnamita. Puede cambiar el idioma del directorio seleccionando su opci\u00f3n de idioma en el men\u00fa desplegable cerca de la parte superior de la p\u00e1gina:<\/p>\n\n\n\n<figure class=\"wp-block-image aligncenter size-full\"><img loading=\"lazy\" decoding=\"async\" width=\"1079\" height=\"68\" src=\"https:\/\/samhealthplans.org\/wp-content\/uploads\/sites\/3\/language-and-text-size-provider-directory.jpg\" alt=\"La imagen muestra d\u00f3nde cambiar el idioma y el tama\u00f1o del texto en el Directorio de proveedores.\" class=\"wp-image-8930\" srcset=\"https:\/\/samhealthplans.org\/wp-content\/uploads\/sites\/3\/language-and-text-size-provider-directory.jpg 1079w, https:\/\/samhealthplans.org\/wp-content\/uploads\/sites\/3\/language-and-text-size-provider-directory-300x19.jpg 300w, https:\/\/samhealthplans.org\/wp-content\/uploads\/sites\/3\/language-and-text-size-provider-directory-1024x65.jpg 1024w, https:\/\/samhealthplans.org\/wp-content\/uploads\/sites\/3\/language-and-text-size-provider-directory-768x48.jpg 768w, https:\/\/samhealthplans.org\/wp-content\/uploads\/sites\/3\/language-and-text-size-provider-directory-250x16.jpg 250w\" sizes=\"auto, (max-width: 1079px) 100vw, 1079px\" \/><\/figure>\n\n\n\n<p>Tambi\u00e9n puede cambiar el tama\u00f1o del texto utilizando las flechas arriba y abajo a la izquierda del men\u00fa desplegable de idioma. <\/p>\n\n\n\n<p>Si su idioma no est\u00e1 representado aqu\u00ed, llame a nuestro equipo de Atenci\u00f3n al Cliente al <a href=\"tel:541-768-4550\">541-768-4550<\/a> o <a href=\"mailto:healthplanresponse@samhealth.org\" target=\"_blank\" rel=\"noreferrer noopener\">Env\u00edanos un correo electr\u00f3nico<\/a>.<\/p>\n\n<\/div>\n\t<\/section>\n<\/div>\n\n<\/div>\n\t<\/section>\n\n\n\n<section id=\"block_5cfe75022a432c994418e91fae4b5b1b\" class=\"shs-block block-slim-section grid-container has-gold-background-color\">\n\n\t<div class=\"entry-content\">\n\n<h2 class=\"wp-block-heading\" id=\"h-ready-to-start-your-search\">\u00bfListo para comenzar su b\u00fasqueda?<\/h2>\n\n\n\n<p>Visita el <strong>Encuentre un proveedor<\/strong> p\u00e1gina para comenzar su b\u00fasqueda de un proveedor en su red.<\/p>\n\n\n\n<div class=\"wp-block-buttons is-layout-flex wp-block-buttons-is-layout-flex\">\n<div class=\"wp-block-button\"><a class=\"wp-block-button__link wp-element-button\" href=\"https:\/\/samhealthplans.org\/es\/encontrar-un-proveedor\/\">Encuentre un proveedor<\/a><\/div>\n<\/div>\n\n<\/div>\n\n\t<\/section>","protected":false},"excerpt":{"rendered":"<p>Encuentre consejos \u00fatiles para navegar por el nuevo Directorio de proveedores Samaritan Health Plans.<\/p>","protected":false},"author":11,"featured_media":9125,"parent":14,"menu_order":1,"comment_status":"closed","ping_status":"closed","template":"","meta":{"_acf_changed":false,"_searchwp_excluded":"1","_shs_workflow_notes":"Password is: Directory Tips","_shs_exclude_from_navigation":true,"_shs_promote_article_on_blogs":"","footnotes":""},"class_list":["post-8912","page","type-page","status-publish","has-post-thumbnail","hentry"],"acf":[],"_links":{"self":[{"href":"https:\/\/samhealthplans.org\/es\/wp-json\/wp\/v2\/pages\/8912","targetHints":{"allow":["GET"]}}],"collection":[{"href":"https:\/\/samhealthplans.org\/es\/wp-json\/wp\/v2\/pages"}],"about":[{"href":"https:\/\/samhealthplans.org\/es\/wp-json\/wp\/v2\/types\/page"}],"author":[{"embeddable":true,"href":"https:\/\/samhealthplans.org\/es\/wp-json\/wp\/v2\/users\/11"}],"replies":[{"embeddable":true,"href":"https:\/\/samhealthplans.org\/es\/wp-json\/wp\/v2\/comments?post=8912"}],"version-history":[{"count":0,"href":"https:\/\/samhealthplans.org\/es\/wp-json\/wp\/v2\/pages\/8912\/revisions"}],"up":[{"embeddable":true,"href":"https:\/\/samhealthplans.org\/es\/wp-json\/wp\/v2\/pages\/14"}],"wp:featuredmedia":[{"embeddable":true,"href":"https:\/\/samhealthplans.org\/es\/wp-json\/wp\/v2\/media\/9125"}],"wp:attachment":[{"href":"https:\/\/samhealthplans.org\/es\/wp-json\/wp\/v2\/media?parent=8912"}],"curies":[{"name":"Gracias","href":"https:\/\/api.w.org\/{rel}","templated":true}]}}