{"id":9992,"date":"2024-09-04T13:59:06","date_gmt":"2024-09-04T20:59:06","guid":{"rendered":"https:\/\/samhealthplans.org\/?page_id=9992"},"modified":"2025-11-05T12:09:35","modified_gmt":"2025-11-05T20:09:35","slug":"explora-nuestro-portafolio","status":"publish","type":"page","link":"https:\/\/samhealthplans.org\/es\/broker\/explore-our-portfolio\/","title":{"rendered":"Explora nuestra cartera"},"content":{"rendered":"<section id=\"block_93827f377309efd35ebaa817e147715e\" class=\"shs-block block-section grid-container has-white-background-color\" >\n\t\t<div class=\"entry-content\">\n\n<h1 class=\"wp-block-heading\" id=\"h-explore-our-portfolio\">Explora nuestra cartera<\/h1>\n\n<\/div>\n\t<\/section>\n\n\n\n<section id=\"block_25c16114676cf6ffd3503cd1a395e189\" class=\"shs-block block-section grid-container has-gray-warm-background-color has-circle-image col-reverse has-medium-circle-image\" >\n\t\t\t<figure class=\"image\"\n\t\t\t\t\t\t>\n\t\t\t<img loading=\"lazy\" decoding=\"async\" width=\"425\" height=\"425\" src=\"https:\/\/samhealthplans.org\/wp-content\/uploads\/sites\/3\/office-workers-large-group-CIR-425x425.jpg\" class=\"attachment-square-md size-square-md\" alt=\"Un grupo de empleados de oficina felices juntos en un pasillo sonriendo.\" srcset=\"https:\/\/samhealthplans.org\/wp-content\/uploads\/sites\/3\/office-workers-large-group-CIR-425x425.jpg 425w, https:\/\/samhealthplans.org\/wp-content\/uploads\/sites\/3\/office-workers-large-group-CIR-300x300.jpg 300w, https:\/\/samhealthplans.org\/wp-content\/uploads\/sites\/3\/office-workers-large-group-CIR-150x150.jpg 150w, https:\/\/samhealthplans.org\/wp-content\/uploads\/sites\/3\/office-workers-large-group-CIR-100x100.jpg 100w, https:\/\/samhealthplans.org\/wp-content\/uploads\/sites\/3\/office-workers-large-group-CIR.jpg 684w\" sizes=\"auto, (max-width: 425px) 100vw, 425px\" \/>\t\t<\/figure>\n\t\t<div class=\"entry-content\">\n\n<p>&nbsp;<\/p>\n\n\n\n<h2 class=\"wp-block-heading\" id=\"h-large-group-plans\">Planes para grupos grandes<\/h2>\n\n\n\n<p>Nuestros planes reducen los costos de seguro de los empleadores al involucrar a los empleados y sus familias en el mantenimiento y la mejora de su salud. Creamos nuestros planes para nuestros propios empleados y hemos demostrado la relaci\u00f3n entre empleados m\u00e1s saludables y menores costos de atenci\u00f3n m\u00e9dica.<\/p>\n\n\n\n<div class=\"wp-block-buttons is-layout-flex wp-block-buttons-is-layout-flex\">\n<div class=\"wp-block-button\"><a class=\"wp-block-button__link wp-element-button\" href=\"https:\/\/samhealthplans.org\/es\/planes-de-la-tienda-samaritana\/planes-grupales-de-empleadores\/grupo-grande\/\">M\u00e1s informaci\u00f3n<\/a><\/div>\n<\/div>\n\n\n\n<p>&nbsp;<\/p>\n\n<\/div>\n\t<\/section>\n\n\n\n<section id=\"block_9c423f8900e649160da368f0ab502c67\" class=\"shs-block block-section grid-container has-white-background-color has-circle-image has-medium-circle-image\" >\n\t\t\t<figure class=\"image\"\n\t\t\t\t\t\t>\n\t\t\t<img loading=\"lazy\" decoding=\"async\" width=\"425\" height=\"425\" src=\"https:\/\/samhealthplans.org\/wp-content\/uploads\/sites\/3\/woodworker-concentrating-306-BGC-425x425.jpg\" class=\"attachment-square-md size-square-md\" alt=\"Hombre trabajando en una tienda con m\u00e1scara y equipo de protecci\u00f3n.\" srcset=\"https:\/\/samhealthplans.org\/wp-content\/uploads\/sites\/3\/woodworker-concentrating-306-BGC-425x425.jpg 425w, https:\/\/samhealthplans.org\/wp-content\/uploads\/sites\/3\/woodworker-concentrating-306-BGC-300x300.jpg 300w, https:\/\/samhealthplans.org\/wp-content\/uploads\/sites\/3\/woodworker-concentrating-306-BGC-150x150.jpg 150w, https:\/\/samhealthplans.org\/wp-content\/uploads\/sites\/3\/woodworker-concentrating-306-BGC-100x100.jpg 100w, https:\/\/samhealthplans.org\/wp-content\/uploads\/sites\/3\/woodworker-concentrating-306-BGC.jpg 684w\" sizes=\"auto, (max-width: 425px) 100vw, 425px\" \/>\t\t<\/figure>\n\t\t<div class=\"entry-content\">\n\n<p>&nbsp;<\/p>\n\n\n\n<h2 class=\"wp-block-heading\" id=\"h-association-health-plans\">Planes de salud de la asociaci\u00f3n<\/h2>\n\n\n\n<p>Adem\u00e1s de los grupos grandes de 51 empleados o m\u00e1s, Samaritan Health Plans ofrece planes de seguro de salud para empleadores a trav\u00e9s de contratos con Salem Contractors Exchange y Merit Construction Alliance.<\/p>\n\n\n\n<p>Tambi\u00e9n nos interesa asociarnos con otras asociaciones comerciales. Si tiene recomendaciones, env\u00ede un correo electr\u00f3nico a:<a href=\"mailto:SHPBrokerSupport@samhealth.org\" target=\"_blank\" rel=\"noreferrer noopener\">SHPBrokerSupport@samhealth.org<\/a>.<\/p>\n\n\n\n<p>&nbsp;<\/p>\n\n<\/div>\n\t<\/section>","protected":false},"excerpt":{"rendered":"<p>Obtenga m\u00e1s informaci\u00f3n sobre la cartera de Samaritan Health Plan, incluidos los planes Medicare Advantage, los planes de salud para grupos grandes y las asociaciones.<\/p>","protected":false},"author":11,"featured_media":1410,"parent":190,"menu_order":3,"comment_status":"closed","ping_status":"closed","template":"","meta":{"_acf_changed":false,"_searchwp_excluded":"","_shs_workflow_notes":"","_shs_exclude_from_navigation":true,"_shs_promote_article_on_blogs":"","footnotes":""},"class_list":["post-9992","page","type-page","status-publish","has-post-thumbnail","hentry"],"acf":[],"_links":{"self":[{"href":"https:\/\/samhealthplans.org\/es\/wp-json\/wp\/v2\/pages\/9992","targetHints":{"allow":["GET"]}}],"collection":[{"href":"https:\/\/samhealthplans.org\/es\/wp-json\/wp\/v2\/pages"}],"about":[{"href":"https:\/\/samhealthplans.org\/es\/wp-json\/wp\/v2\/types\/page"}],"author":[{"embeddable":true,"href":"https:\/\/samhealthplans.org\/es\/wp-json\/wp\/v2\/users\/11"}],"replies":[{"embeddable":true,"href":"https:\/\/samhealthplans.org\/es\/wp-json\/wp\/v2\/comments?post=9992"}],"version-history":[{"count":0,"href":"https:\/\/samhealthplans.org\/es\/wp-json\/wp\/v2\/pages\/9992\/revisions"}],"up":[{"embeddable":true,"href":"https:\/\/samhealthplans.org\/es\/wp-json\/wp\/v2\/pages\/190"}],"wp:featuredmedia":[{"embeddable":true,"href":"https:\/\/samhealthplans.org\/es\/wp-json\/wp\/v2\/media\/1410"}],"wp:attachment":[{"href":"https:\/\/samhealthplans.org\/es\/wp-json\/wp\/v2\/media?parent=9992"}],"curies":[{"name":"Gracias","href":"https:\/\/api.w.org\/{rel}","templated":true}]}}